{"id":4059,"date":"2025-03-24T12:11:13","date_gmt":"2025-03-24T12:11:13","guid":{"rendered":"https:\/\/shop.pecta.pt\/?post_type=product&#038;p=4059"},"modified":"2025-03-24T12:12:00","modified_gmt":"2025-03-24T12:12:00","slug":"valvulas-esfera-pn10-aluminio","status":"publish","type":"product","link":"https:\/\/shop.pecta.pt\/en\/product\/valvulas-esfera-pn10-aluminio\/","title":{"rendered":"V\u00e1lvulas Esfera PN10 Alum\u00ednio"},"content":{"rendered":"<div id=\"divEspecific3\">\n<div class=\"product-text\">\n<section class=\"page-section\">\n<div class=\"container\">\n<div class=\"tabs-wrapper content-tabs\">\n<div class=\"tab-content\">\n<div id=\"item-description\" class=\"tab-pane fade in active\">\n<p>As v\u00e1lvulas de esfera de fluxo total e de 2 vias s\u00e3o especialmente projetadas para lidar com diferentes tipos de combust\u00edveis, como diesel, gasolina, combust\u00edvel para avia\u00e7\u00e3o, etc. As v\u00e1lvulas de esfera MannTek em alum\u00ednio oferecem benef\u00edcios de redu\u00e7\u00e3o de peso para a ind\u00fastria de caminh\u00f5es-cisterna, assim como, s\u00e3o frequentemente usadas em diferentes tipos de instala\u00e7\u00f5es fixas e aplica\u00e7\u00f5es m\u00f3veis de abastecimento.<\/p>\n<\/div>\n<\/div>\n<\/div>\n<\/div>\n<\/section>\n<\/div>\n<\/div>","protected":false},"excerpt":{"rendered":"<div id=\"divEspecific3\">\n<div class=\"product-text\">\n<div id=\"divEspecific3\">\n<div class=\"product-text\">As v\u00e1lvulas de esfera da Manntek est\u00e3o dispon\u00edveis em dois tipos, uma via (uma entrada e uma sa\u00edda) e duas vias (uma entrada e duas sa\u00eddas) e em tamanhos de 2&#8243; a 4&#8243;.<\/div>\n<\/div>\n<\/div>\n<\/div>","protected":false},"featured_media":4060,"template":"","meta":{"_uag_custom_page_level_css":"","site-sidebar-layout":"default","site-content-layout":"","ast-site-content-layout":"default","site-content-style":"default","site-sidebar-style":"default","ast-global-header-display":"","ast-banner-title-visibility":"","ast-main-header-display":"","ast-hfb-above-header-display":"","ast-hfb-below-header-display":"","ast-hfb-mobile-header-display":"","site-post-title":"","ast-breadcrumbs-content":"","ast-featured-img":"","footer-sml-layout":"","theme-transparent-header-meta":"default","adv-header-id-meta":"","stick-header-meta":"","header-above-stick-meta":"","header-main-stick-meta":"","header-below-stick-meta":"","astra-migrate-meta-layouts":"set","ast-page-background-enabled":"default","ast-page-background-meta":{"desktop":{"background-color":"var(--ast-global-color-4)","background-image":"","background-repeat":"repeat","background-position":"center center","background-size":"auto","background-attachment":"scroll","background-type":"","background-media":"","overlay-type":"","overlay-color":"","overlay-opacity":"","overlay-gradient":""},"tablet":{"background-color":"","background-image":"","background-repeat":"repeat","background-position":"center center","background-size":"auto","background-attachment":"scroll","background-type":"","background-media":"","overlay-type":"","overlay-color":"","overlay-opacity":"","overlay-gradient":""},"mobile":{"background-color":"","background-image":"","background-repeat":"repeat","background-position":"center center","background-size":"auto","background-attachment":"scroll","background-type":"","background-media":"","overlay-type":"","overlay-color":"","overlay-opacity":"","overlay-gradient":""}},"ast-content-background-meta":{"desktop":{"background-color":"var(--ast-global-color-5)","background-image":"","background-repeat":"repeat","background-position":"center center","background-size":"auto","background-attachment":"scroll","background-type":"","background-media":"","overlay-type":"","overlay-color":"","overlay-opacity":"","overlay-gradient":""},"tablet":{"background-color":"var(--ast-global-color-5)","background-image":"","background-repeat":"repeat","background-position":"center center","background-size":"auto","background-attachment":"scroll","background-type":"","background-media":"","overlay-type":"","overlay-color":"","overlay-opacity":"","overlay-gradient":""},"mobile":{"background-color":"var(--ast-global-color-5)","background-image":"","background-repeat":"repeat","background-position":"center center","background-size":"auto","background-attachment":"scroll","background-type":"","background-media":"","overlay-type":"","overlay-color":"","overlay-opacity":"","overlay-gradient":""}}},"product_brand":[],"product_cat":[265,201],"product_tag":[252,259,255,257,258],"class_list":{"0":"post-4059","1":"product","2":"type-product","3":"status-publish","4":"has-post-thumbnail","6":"product_cat-manntek","7":"product_cat-valvulas-esfera","8":"product_tag-aviacao","9":"product_tag-cisternas","10":"product_tag-industria-geral","11":"product_tag-militar","12":"product_tag-petroquimica","13":"desktop-align-left","14":"tablet-align-left","15":"mobile-align-left","17":"first","18":"onbackorder","19":"taxable","20":"shipping-taxable","21":"product-type-simple"},"aioseo_notices":[],"uagb_featured_image_src":{"full":["https:\/\/shop.pecta.pt\/wp-content\/uploads\/2025\/03\/ballvalves.jpg",500,500,false],"thumbnail":["https:\/\/shop.pecta.pt\/wp-content\/uploads\/2025\/03\/ballvalves-150x150.jpg",150,150,true],"medium":["https:\/\/shop.pecta.pt\/wp-content\/uploads\/2025\/03\/ballvalves-300x300.jpg",300,300,true],"medium_large":["https:\/\/shop.pecta.pt\/wp-content\/uploads\/2025\/03\/ballvalves.jpg",500,500,false],"large":["https:\/\/shop.pecta.pt\/wp-content\/uploads\/2025\/03\/ballvalves.jpg",500,500,false],"1536x1536":["https:\/\/shop.pecta.pt\/wp-content\/uploads\/2025\/03\/ballvalves.jpg",500,500,false],"2048x2048":["https:\/\/shop.pecta.pt\/wp-content\/uploads\/2025\/03\/ballvalves.jpg",500,500,false],"trp-custom-language-flag":["https:\/\/shop.pecta.pt\/wp-content\/uploads\/2025\/03\/ballvalves-12x12.jpg",12,12,true],"woocommerce_thumbnail":["https:\/\/shop.pecta.pt\/wp-content\/uploads\/2025\/03\/ballvalves-300x300.jpg",300,300,true],"woocommerce_single":["https:\/\/shop.pecta.pt\/wp-content\/uploads\/2025\/03\/ballvalves.jpg",500,500,false],"woocommerce_gallery_thumbnail":["https:\/\/shop.pecta.pt\/wp-content\/uploads\/2025\/03\/ballvalves-100x100.jpg",100,100,true]},"uagb_author_info":{"display_name":"info@pecta.pt","author_link":"https:\/\/shop.pecta.pt\/en\/author\/"},"uagb_comment_info":0,"uagb_excerpt":"As v\u00e1lvulas de esfera da Manntek est\u00e3o dispon\u00edveis em dois tipos, uma via (uma entrada e uma sa\u00edda) e duas vias (uma entrada e duas sa\u00eddas) e em tamanhos de 2\" a 4\".","_links":{"self":[{"href":"https:\/\/shop.pecta.pt\/en\/wp-json\/wp\/v2\/product\/4059","targetHints":{"allow":["GET"]}}],"collection":[{"href":"https:\/\/shop.pecta.pt\/en\/wp-json\/wp\/v2\/product"}],"about":[{"href":"https:\/\/shop.pecta.pt\/en\/wp-json\/wp\/v2\/types\/product"}],"wp:featuredmedia":[{"embeddable":true,"href":"https:\/\/shop.pecta.pt\/en\/wp-json\/wp\/v2\/media\/4060"}],"wp:attachment":[{"href":"https:\/\/shop.pecta.pt\/en\/wp-json\/wp\/v2\/media?parent=4059"}],"wp:term":[{"taxonomy":"product_brand","embeddable":true,"href":"https:\/\/shop.pecta.pt\/en\/wp-json\/wp\/v2\/product_brand?post=4059"},{"taxonomy":"product_cat","embeddable":true,"href":"https:\/\/shop.pecta.pt\/en\/wp-json\/wp\/v2\/product_cat?post=4059"},{"taxonomy":"product_tag","embeddable":true,"href":"https:\/\/shop.pecta.pt\/en\/wp-json\/wp\/v2\/product_tag?post=4059"}],"curies":[{"name":"wp","href":"https:\/\/api.w.org\/{rel}","templated":true}]}}