{"id":4054,"date":"2025-03-24T12:08:16","date_gmt":"2025-03-24T12:08:16","guid":{"rendered":"https:\/\/shop.pecta.pt\/?post_type=product&#038;p=4054"},"modified":"2025-03-24T12:08:35","modified_gmt":"2025-03-24T12:08:35","slug":"valvulas-break-away-cbc","status":"publish","type":"product","link":"https:\/\/shop.pecta.pt\/en\/product\/valvulas-break-away-cbc\/","title":{"rendered":"V\u00e1lvulas Break-Away CBC"},"content":{"rendered":"<div id=\"divEspecific3\">\n<div class=\"product-text\">\n<p>As V\u00e1lvulas Break-Away s\u00e3o usadas para evitar acidentes de pull-away, proteger o terminal, o equipamento de carga\/descarga e eliminar a libera\u00e7\u00e3o indesejada de produto. As V\u00e1lvulas Break-Away \u00a0t\u00eam um ponto de rutura pr\u00e9-definido que se romper\u00e1 a uma determinada carga, nesse momento, as v\u00e1lvulas internas fecham automaticamente em ambos os lados. Esta a\u00e7\u00e3o minimizar\u00e1 o tempo de inatividade, economizar\u00e1 dinheiro, equipamentos e meio ambiente.<\/p>\n<p>Os acoplamentos de seguran\u00e7a Break-away est\u00e3o dispon\u00edveis tipo industrial e mar\u00edtimo e criog\u00e9nico.<\/p>\n<\/div>\n<\/div>","protected":false},"excerpt":{"rendered":"<div id=\"divEspecific3\">\n<div class=\"product-text\">As V\u00e1lvulas Break-Away s\u00e3o usadas para prevenir acidentes &#8220;Pull-Away&#8221;.<\/div>\n<\/div>","protected":false},"featured_media":4052,"template":"","meta":{"_uag_custom_page_level_css":"","site-sidebar-layout":"default","site-content-layout":"","ast-site-content-layout":"default","site-content-style":"default","site-sidebar-style":"default","ast-global-header-display":"","ast-banner-title-visibility":"","ast-main-header-display":"","ast-hfb-above-header-display":"","ast-hfb-below-header-display":"","ast-hfb-mobile-header-display":"","site-post-title":"","ast-breadcrumbs-content":"","ast-featured-img":"","footer-sml-layout":"","theme-transparent-header-meta":"default","adv-header-id-meta":"","stick-header-meta":"","header-above-stick-meta":"","header-main-stick-meta":"","header-below-stick-meta":"","astra-migrate-meta-layouts":"set","ast-page-background-enabled":"default","ast-page-background-meta":{"desktop":{"background-color":"var(--ast-global-color-4)","background-image":"","background-repeat":"repeat","background-position":"center center","background-size":"auto","background-attachment":"scroll","background-type":"","background-media":"","overlay-type":"","overlay-color":"","overlay-opacity":"","overlay-gradient":""},"tablet":{"background-color":"","background-image":"","background-repeat":"repeat","background-position":"center center","background-size":"auto","background-attachment":"scroll","background-type":"","background-media":"","overlay-type":"","overlay-color":"","overlay-opacity":"","overlay-gradient":""},"mobile":{"background-color":"","background-image":"","background-repeat":"repeat","background-position":"center center","background-size":"auto","background-attachment":"scroll","background-type":"","background-media":"","overlay-type":"","overlay-color":"","overlay-opacity":"","overlay-gradient":""}},"ast-content-background-meta":{"desktop":{"background-color":"var(--ast-global-color-5)","background-image":"","background-repeat":"repeat","background-position":"center center","background-size":"auto","background-attachment":"scroll","background-type":"","background-media":"","overlay-type":"","overlay-color":"","overlay-opacity":"","overlay-gradient":""},"tablet":{"background-color":"var(--ast-global-color-5)","background-image":"","background-repeat":"repeat","background-position":"center center","background-size":"auto","background-attachment":"scroll","background-type":"","background-media":"","overlay-type":"","overlay-color":"","overlay-opacity":"","overlay-gradient":""},"mobile":{"background-color":"var(--ast-global-color-5)","background-image":"","background-repeat":"repeat","background-position":"center center","background-size":"auto","background-attachment":"scroll","background-type":"","background-media":"","overlay-type":"","overlay-color":"","overlay-opacity":"","overlay-gradient":""}}},"product_brand":[],"product_cat":[265,203],"product_tag":[251,252,259,253,263,254,260,255,256,257,258],"class_list":{"0":"post-4054","1":"product","2":"type-product","3":"status-publish","4":"has-post-thumbnail","6":"product_cat-manntek","7":"product_cat-breakaway-cbc","8":"product_tag-alimentar-bebidas","9":"product_tag-aviacao","10":"product_tag-cisternas","11":"product_tag-combate-a-incendio-resgate","12":"product_tag-criogenia","13":"product_tag-farmaceutica","14":"product_tag-gpl","15":"product_tag-industria-geral","16":"product_tag-maritima","17":"product_tag-militar","18":"product_tag-petroquimica","19":"desktop-align-left","20":"tablet-align-left","21":"mobile-align-left","23":"first","24":"onbackorder","25":"taxable","26":"shipping-taxable","27":"product-type-simple"},"aioseo_notices":[],"uagb_featured_image_src":{"full":["https:\/\/shop.pecta.pt\/wp-content\/uploads\/2025\/03\/11.png",500,500,false],"thumbnail":["https:\/\/shop.pecta.pt\/wp-content\/uploads\/2025\/03\/11-150x150.png",150,150,true],"medium":["https:\/\/shop.pecta.pt\/wp-content\/uploads\/2025\/03\/11-300x300.png",300,300,true],"medium_large":["https:\/\/shop.pecta.pt\/wp-content\/uploads\/2025\/03\/11.png",500,500,false],"large":["https:\/\/shop.pecta.pt\/wp-content\/uploads\/2025\/03\/11.png",500,500,false],"1536x1536":["https:\/\/shop.pecta.pt\/wp-content\/uploads\/2025\/03\/11.png",500,500,false],"2048x2048":["https:\/\/shop.pecta.pt\/wp-content\/uploads\/2025\/03\/11.png",500,500,false],"trp-custom-language-flag":["https:\/\/shop.pecta.pt\/wp-content\/uploads\/2025\/03\/11-12x12.png",12,12,true],"woocommerce_thumbnail":["https:\/\/shop.pecta.pt\/wp-content\/uploads\/2025\/03\/11-300x300.png",300,300,true],"woocommerce_single":["https:\/\/shop.pecta.pt\/wp-content\/uploads\/2025\/03\/11.png",500,500,false],"woocommerce_gallery_thumbnail":["https:\/\/shop.pecta.pt\/wp-content\/uploads\/2025\/03\/11-100x100.png",100,100,true]},"uagb_author_info":{"display_name":"info@pecta.pt","author_link":"https:\/\/shop.pecta.pt\/en\/author\/"},"uagb_comment_info":0,"uagb_excerpt":"As V\u00e1lvulas Break-Away s\u00e3o usadas para prevenir acidentes \"Pull-Away\".","_links":{"self":[{"href":"https:\/\/shop.pecta.pt\/en\/wp-json\/wp\/v2\/product\/4054","targetHints":{"allow":["GET"]}}],"collection":[{"href":"https:\/\/shop.pecta.pt\/en\/wp-json\/wp\/v2\/product"}],"about":[{"href":"https:\/\/shop.pecta.pt\/en\/wp-json\/wp\/v2\/types\/product"}],"wp:featuredmedia":[{"embeddable":true,"href":"https:\/\/shop.pecta.pt\/en\/wp-json\/wp\/v2\/media\/4052"}],"wp:attachment":[{"href":"https:\/\/shop.pecta.pt\/en\/wp-json\/wp\/v2\/media?parent=4054"}],"wp:term":[{"taxonomy":"product_brand","embeddable":true,"href":"https:\/\/shop.pecta.pt\/en\/wp-json\/wp\/v2\/product_brand?post=4054"},{"taxonomy":"product_cat","embeddable":true,"href":"https:\/\/shop.pecta.pt\/en\/wp-json\/wp\/v2\/product_cat?post=4054"},{"taxonomy":"product_tag","embeddable":true,"href":"https:\/\/shop.pecta.pt\/en\/wp-json\/wp\/v2\/product_tag?post=4054"}],"curies":[{"name":"wp","href":"https:\/\/api.w.org\/{rel}","templated":true}]}}