{"id":4021,"date":"2025-03-20T14:52:45","date_gmt":"2025-03-20T14:52:45","guid":{"rendered":"https:\/\/shop.pecta.pt\/?post_type=product&#038;p=4021"},"modified":"2025-03-24T11:59:43","modified_gmt":"2025-03-24T11:59:43","slug":"eliminador-de-ar","status":"publish","type":"product","link":"https:\/\/shop.pecta.pt\/en\/product\/eliminador-de-ar\/","title":{"rendered":"Filtros (F-S\u00e9ries)"},"content":{"rendered":"<p>Um filtro instalado no lado da entrada do medidor \u00e9 necess\u00e1rio mesmo quando a tubagem inclui um filtro no lado montante da bomba. Os filtros F-Series n\u00e3o devem ser usados \u200b\u200bcomo filtro do sistema, mas como prote\u00e7\u00e3o limitada ao pr\u00f3prio contador.<br \/>\nAs malhas do filtro est\u00e3o dispon\u00edveis em 20, 40, 80, 100 ou 200 mesh.<\/p>\n<p>&nbsp;<\/p>\n<p><b>ESPECIFICA\u00c7\u00d5ES:<br \/>\n<\/b>Filtro F7:<br \/>\nAdequado para contadores SM5, SM7, SMA7, M5, M7 e M10.<br \/>\n&#8211; 2&#8243; (1\u00bd&#8221; opcional) 350 PSI (25 bar), Alum\u00ednio. Materiais de constru\u00e7\u00e3o para as classes 1, 2, 3, 4, 14, 15, 16 e 30. Fornecido com tampa ou sem tampa quando o eliminador de ar \u00e9 usado.<br \/>\n&#8211; 2&#8243; (1\u00bd&#8221; opcional) 150 PSI (10,5 bar), em ferro fundido ou a\u00e7o inoxid\u00e1vel. Materiais de constru\u00e7\u00e3o para aplica\u00e7\u00f5es das Classes 7, 8, 27 e 37. Facilmente adaptav\u00e9l para montar de eliminador de ar quando necess\u00e1rio.<br \/>\n&#8211; 2&#8243; (1 1\/2&#8243; opcional) 350 PSI (25 bar), alum\u00ednio de alta press\u00e3o. Materiais de constru\u00e7\u00e3o para a classe 10 (aplica\u00e7\u00f5es GPL). Outras classes dispon\u00edveis mediante pedido especial, incluindo a Classe 12 (NH3). Fornecido com tampa ou sem tampa quando o eliminador de ar\/vapor \u00e9 usado. V\u00e1lvula de al\u00edvio fornecida conforme necess\u00e1rio para servi\u00e7o das Classes 10 e 12.<\/p>\n<p>Filtro F15:<br \/>\nAdequado para medidores SM15, M15 e M25.<br \/>\n&#8211; Alum\u00ednio de 3 &#8220;350 PSI (25 bar). Materiais de constru\u00e7\u00e3o para aplica\u00e7\u00f5es das Classes 1, 2, 3, 4, 10, 14, 15 e 16. Fornecido com tampa ou sem tampa quando o eliminador de ar \u00e9 usado.<\/p>\n<p>Filtro F30:<br \/>\nAdequado para medidores SM30, M30, M40 e M60.<br \/>\n&#8211; 4 &#8220;(3&#8221; opcional) 150 PSI (10,5 bar) de alum\u00ednio. Materiais de constru\u00e7\u00e3o para as classes 1, 2, 3, 4, 14, 15 e 16. Fornecido com tampa ou sem tampa quando o eliminador de ar \u00e9 usado.<\/p>","protected":false},"excerpt":{"rendered":"<p>Os filtros ajudam a proteger os contadores de danos graves causados \u200b\u200bpor rebarbas soltas de novas tubagens, incrusta\u00e7\u00f5es de tubos ou materiais estranhos. O valor inicial do filtro \u00e9 um bom seguro comparado com o custo do tempo de inatividade e pe\u00e7as de substitui\u00e7\u00e3o gerado por um contador danificado.<\/p>","protected":false},"featured_media":4013,"template":"","meta":{"_uag_custom_page_level_css":"","site-sidebar-layout":"default","site-content-layout":"","ast-site-content-layout":"default","site-content-style":"default","site-sidebar-style":"default","ast-global-header-display":"","ast-banner-title-visibility":"","ast-main-header-display":"","ast-hfb-above-header-display":"","ast-hfb-below-header-display":"","ast-hfb-mobile-header-display":"","site-post-title":"","ast-breadcrumbs-content":"","ast-featured-img":"","footer-sml-layout":"","theme-transparent-header-meta":"default","adv-header-id-meta":"","stick-header-meta":"","header-above-stick-meta":"","header-main-stick-meta":"","header-below-stick-meta":"","astra-migrate-meta-layouts":"set","ast-page-background-enabled":"default","ast-page-background-meta":{"desktop":{"background-color":"var(--ast-global-color-4)","background-image":"","background-repeat":"repeat","background-position":"center center","background-size":"auto","background-attachment":"scroll","background-type":"","background-media":"","overlay-type":"","overlay-color":"","overlay-opacity":"","overlay-gradient":""},"tablet":{"background-color":"","background-image":"","background-repeat":"repeat","background-position":"center center","background-size":"auto","background-attachment":"scroll","background-type":"","background-media":"","overlay-type":"","overlay-color":"","overlay-opacity":"","overlay-gradient":""},"mobile":{"background-color":"","background-image":"","background-repeat":"repeat","background-position":"center center","background-size":"auto","background-attachment":"scroll","background-type":"","background-media":"","overlay-type":"","overlay-color":"","overlay-opacity":"","overlay-gradient":""}},"ast-content-background-meta":{"desktop":{"background-color":"var(--ast-global-color-5)","background-image":"","background-repeat":"repeat","background-position":"center center","background-size":"auto","background-attachment":"scroll","background-type":"","background-media":"","overlay-type":"","overlay-color":"","overlay-opacity":"","overlay-gradient":""},"tablet":{"background-color":"var(--ast-global-color-5)","background-image":"","background-repeat":"repeat","background-position":"center center","background-size":"auto","background-attachment":"scroll","background-type":"","background-media":"","overlay-type":"","overlay-color":"","overlay-opacity":"","overlay-gradient":""},"mobile":{"background-color":"var(--ast-global-color-5)","background-image":"","background-repeat":"repeat","background-position":"center center","background-size":"auto","background-attachment":"scroll","background-type":"","background-media":"","overlay-type":"","overlay-color":"","overlay-opacity":"","overlay-gradient":""}}},"product_brand":[],"product_cat":[53],"product_tag":[255],"class_list":{"0":"post-4021","1":"product","2":"type-product","3":"status-publish","4":"has-post-thumbnail","6":"product_cat-liquid-controls","7":"product_tag-industria-geral","8":"desktop-align-left","9":"tablet-align-left","10":"mobile-align-left","12":"first","13":"onbackorder","14":"taxable","15":"shipping-taxable","16":"product-type-simple"},"aioseo_notices":[],"uagb_featured_image_src":{"full":["https:\/\/shop.pecta.pt\/wp-content\/uploads\/2025\/03\/20120102130549.jpg.jpeg",500,500,false],"thumbnail":["https:\/\/shop.pecta.pt\/wp-content\/uploads\/2025\/03\/20120102130549.jpg-150x150.jpeg",150,150,true],"medium":["https:\/\/shop.pecta.pt\/wp-content\/uploads\/2025\/03\/20120102130549.jpg-300x300.jpeg",300,300,true],"medium_large":["https:\/\/shop.pecta.pt\/wp-content\/uploads\/2025\/03\/20120102130549.jpg.jpeg",500,500,false],"large":["https:\/\/shop.pecta.pt\/wp-content\/uploads\/2025\/03\/20120102130549.jpg.jpeg",500,500,false],"1536x1536":["https:\/\/shop.pecta.pt\/wp-content\/uploads\/2025\/03\/20120102130549.jpg.jpeg",500,500,false],"2048x2048":["https:\/\/shop.pecta.pt\/wp-content\/uploads\/2025\/03\/20120102130549.jpg.jpeg",500,500,false],"trp-custom-language-flag":["https:\/\/shop.pecta.pt\/wp-content\/uploads\/2025\/03\/20120102130549.jpg-12x12.jpeg",12,12,true],"woocommerce_thumbnail":["https:\/\/shop.pecta.pt\/wp-content\/uploads\/2025\/03\/20120102130549.jpg-300x300.jpeg",300,300,true],"woocommerce_single":["https:\/\/shop.pecta.pt\/wp-content\/uploads\/2025\/03\/20120102130549.jpg.jpeg",500,500,false],"woocommerce_gallery_thumbnail":["https:\/\/shop.pecta.pt\/wp-content\/uploads\/2025\/03\/20120102130549.jpg-100x100.jpeg",100,100,true]},"uagb_author_info":{"display_name":"info@pecta.pt","author_link":"https:\/\/shop.pecta.pt\/en\/author\/"},"uagb_comment_info":0,"uagb_excerpt":"Os filtros ajudam a proteger os contadores de danos graves causados \u200b\u200bpor rebarbas soltas de novas tubagens, incrusta\u00e7\u00f5es de tubos ou materiais estranhos. O valor inicial do filtro \u00e9 um bom seguro comparado com o custo do tempo de inatividade e pe\u00e7as de substitui\u00e7\u00e3o gerado por um contador danificado.","_links":{"self":[{"href":"https:\/\/shop.pecta.pt\/en\/wp-json\/wp\/v2\/product\/4021","targetHints":{"allow":["GET"]}}],"collection":[{"href":"https:\/\/shop.pecta.pt\/en\/wp-json\/wp\/v2\/product"}],"about":[{"href":"https:\/\/shop.pecta.pt\/en\/wp-json\/wp\/v2\/types\/product"}],"wp:featuredmedia":[{"embeddable":true,"href":"https:\/\/shop.pecta.pt\/en\/wp-json\/wp\/v2\/media\/4013"}],"wp:attachment":[{"href":"https:\/\/shop.pecta.pt\/en\/wp-json\/wp\/v2\/media?parent=4021"}],"wp:term":[{"taxonomy":"product_brand","embeddable":true,"href":"https:\/\/shop.pecta.pt\/en\/wp-json\/wp\/v2\/product_brand?post=4021"},{"taxonomy":"product_cat","embeddable":true,"href":"https:\/\/shop.pecta.pt\/en\/wp-json\/wp\/v2\/product_cat?post=4021"},{"taxonomy":"product_tag","embeddable":true,"href":"https:\/\/shop.pecta.pt\/en\/wp-json\/wp\/v2\/product_tag?post=4021"}],"curies":[{"name":"wp","href":"https:\/\/api.w.org\/{rel}","templated":true}]}}