{"id":4011,"date":"2025-03-20T14:49:43","date_gmt":"2025-03-20T14:49:43","guid":{"rendered":"https:\/\/shop.pecta.pt\/?post_type=product&#038;p=4011"},"modified":"2025-03-24T11:59:43","modified_gmt":"2025-03-24T11:59:43","slug":"detetor-de-ar-eletronico-lc-sound","status":"publish","type":"product","link":"https:\/\/shop.pecta.pt\/en\/product\/detetor-de-ar-eletronico-lc-sound\/","title":{"rendered":"Detetor de Ar Eletr\u00f3nico (LC Sound)"},"content":{"rendered":"<p>A aplica\u00e7\u00e3o t\u00edpica usa o contato de sa\u00edda para controlar uma v\u00e1lvula, bomba ou pode ser conectado a um dispositivo inteligente (por exemplo, controlador de fluxo eletr\u00f4nico). Esta tecnologia garante entregas precisas e sem perda de press\u00e3o, tanto nas instala\u00e7\u00f5es dos terminais quanto nos caminh\u00f5es. O LC Sound utiliza energia ultrass\u00f4nica para detetar a presen\u00e7a ou aus\u00eancia de ar\/g\u00e1s: ondas sonoras de alta frequ\u00eancia s\u00e3o facilmente transmitidas na presen\u00e7a de l\u00edquido, mas s\u00e3o atenuadas quando h\u00e1 g\u00e1s presente. O sensor usa um transcetor ultrass\u00f4nico para transmitir um pulso de alta frequ\u00eancia: o sinal atinge o refletor localizado no outro lado da flange e volta para o transcetor. O n\u00edvel de amplitude do sinal \u00e9 proporcional \u00e0 presen\u00e7a de l\u00edquido: se for detetado ar, o rel\u00e9 de sa\u00edda \u00e9 aberto. O algoritmo do controlador eletr\u00f4nico garante uma dete\u00e7\u00e3o de ar precisa num tempo m\u00e1ximo de 50ms e compensa automaticamente o envelhecimento dos componentes, qualidade do produto e tamanho da flange sem manuten\u00e7\u00e3o peri\u00f3dica ou calibra\u00e7\u00e3o em terreno necess\u00e1ria.<\/p>\n<p><b>PRINCIPAIS CARACTER\u00cdSTICAS:<\/b><br \/>\n&#8211; Tempo de resposta r\u00e1pido (50 ms)<br \/>\n&#8211; Auto calibra\u00e7\u00e3o;<br \/>\n&#8211; Nenhuma manuten\u00e7\u00e3o peri\u00f3dica necess\u00e1ria;<br \/>\n&#8211; Sem pe\u00e7as m\u00f3veis;<br \/>\n&#8211; Baixo peso;<br \/>\n&#8211; As pequenas dimens\u00f5es proporcionam uma instala\u00e7\u00e3o simples e organizada;<br \/>\n&#8211; Perda de press\u00e3o insignificante, resultando em entregas r\u00e1pidas e econ\u00f4micas;<br \/>\n&#8211; Elimina a necessidade de uma v\u00e1lvula &#8220;Air-Check&#8221; ap\u00f3s o contador (na vers\u00e3o contador com 2 LC Sounds);<br \/>\n&#8211; Pode reagir ao ar emulsionado na entrega (dete\u00e7\u00e3o de espuma);<br \/>\n&#8211; Trabalha com produtos derivados de petr\u00f3leo.<\/p>","protected":false},"excerpt":{"rendered":"<p>O LC Sound \u00e9 um sensor de ar ultrass\u00f4nico, dispon\u00edvel com flange quadrada de 2\u201d, 3\u201d e 4\u201d. Monitoriza continuamente a presen\u00e7a de ar\/g\u00e1s num fornecimento e, ap\u00f3s a dete\u00e7\u00e3o do g\u00e1s, o rel\u00e9 de sa\u00edda \u00e9 aberto.<\/p>","protected":false},"featured_media":4016,"template":"","meta":{"_uag_custom_page_level_css":"","site-sidebar-layout":"default","site-content-layout":"","ast-site-content-layout":"default","site-content-style":"default","site-sidebar-style":"default","ast-global-header-display":"","ast-banner-title-visibility":"","ast-main-header-display":"","ast-hfb-above-header-display":"","ast-hfb-below-header-display":"","ast-hfb-mobile-header-display":"","site-post-title":"","ast-breadcrumbs-content":"","ast-featured-img":"","footer-sml-layout":"","theme-transparent-header-meta":"default","adv-header-id-meta":"","stick-header-meta":"","header-above-stick-meta":"","header-main-stick-meta":"","header-below-stick-meta":"","astra-migrate-meta-layouts":"set","ast-page-background-enabled":"default","ast-page-background-meta":{"desktop":{"background-color":"var(--ast-global-color-4)","background-image":"","background-repeat":"repeat","background-position":"center center","background-size":"auto","background-attachment":"scroll","background-type":"","background-media":"","overlay-type":"","overlay-color":"","overlay-opacity":"","overlay-gradient":""},"tablet":{"background-color":"","background-image":"","background-repeat":"repeat","background-position":"center center","background-size":"auto","background-attachment":"scroll","background-type":"","background-media":"","overlay-type":"","overlay-color":"","overlay-opacity":"","overlay-gradient":""},"mobile":{"background-color":"","background-image":"","background-repeat":"repeat","background-position":"center center","background-size":"auto","background-attachment":"scroll","background-type":"","background-media":"","overlay-type":"","overlay-color":"","overlay-opacity":"","overlay-gradient":""}},"ast-content-background-meta":{"desktop":{"background-color":"var(--ast-global-color-5)","background-image":"","background-repeat":"repeat","background-position":"center center","background-size":"auto","background-attachment":"scroll","background-type":"","background-media":"","overlay-type":"","overlay-color":"","overlay-opacity":"","overlay-gradient":""},"tablet":{"background-color":"var(--ast-global-color-5)","background-image":"","background-repeat":"repeat","background-position":"center center","background-size":"auto","background-attachment":"scroll","background-type":"","background-media":"","overlay-type":"","overlay-color":"","overlay-opacity":"","overlay-gradient":""},"mobile":{"background-color":"var(--ast-global-color-5)","background-image":"","background-repeat":"repeat","background-position":"center center","background-size":"auto","background-attachment":"scroll","background-type":"","background-media":"","overlay-type":"","overlay-color":"","overlay-opacity":"","overlay-gradient":""}}},"product_brand":[],"product_cat":[53],"product_tag":[255],"class_list":{"0":"post-4011","1":"product","2":"type-product","3":"status-publish","4":"has-post-thumbnail","6":"product_cat-liquid-controls","7":"product_tag-industria-geral","8":"desktop-align-left","9":"tablet-align-left","10":"mobile-align-left","12":"first","13":"onbackorder","14":"taxable","15":"shipping-taxable","16":"product-type-simple"},"aioseo_notices":[],"uagb_featured_image_src":{"full":["https:\/\/shop.pecta.pt\/wp-content\/uploads\/2025\/03\/20120126134301.jpg.jpeg",500,500,false],"thumbnail":["https:\/\/shop.pecta.pt\/wp-content\/uploads\/2025\/03\/20120126134301.jpg-150x150.jpeg",150,150,true],"medium":["https:\/\/shop.pecta.pt\/wp-content\/uploads\/2025\/03\/20120126134301.jpg-300x300.jpeg",300,300,true],"medium_large":["https:\/\/shop.pecta.pt\/wp-content\/uploads\/2025\/03\/20120126134301.jpg.jpeg",500,500,false],"large":["https:\/\/shop.pecta.pt\/wp-content\/uploads\/2025\/03\/20120126134301.jpg.jpeg",500,500,false],"1536x1536":["https:\/\/shop.pecta.pt\/wp-content\/uploads\/2025\/03\/20120126134301.jpg.jpeg",500,500,false],"2048x2048":["https:\/\/shop.pecta.pt\/wp-content\/uploads\/2025\/03\/20120126134301.jpg.jpeg",500,500,false],"trp-custom-language-flag":["https:\/\/shop.pecta.pt\/wp-content\/uploads\/2025\/03\/20120126134301.jpg-12x12.jpeg",12,12,true],"woocommerce_thumbnail":["https:\/\/shop.pecta.pt\/wp-content\/uploads\/2025\/03\/20120126134301.jpg-300x300.jpeg",300,300,true],"woocommerce_single":["https:\/\/shop.pecta.pt\/wp-content\/uploads\/2025\/03\/20120126134301.jpg.jpeg",500,500,false],"woocommerce_gallery_thumbnail":["https:\/\/shop.pecta.pt\/wp-content\/uploads\/2025\/03\/20120126134301.jpg-100x100.jpeg",100,100,true]},"uagb_author_info":{"display_name":"info@pecta.pt","author_link":"https:\/\/shop.pecta.pt\/en\/author\/"},"uagb_comment_info":0,"uagb_excerpt":"O LC Sound \u00e9 um sensor de ar ultrass\u00f4nico, dispon\u00edvel com flange quadrada de 2\u201d, 3\u201d e 4\u201d. Monitoriza continuamente a presen\u00e7a de ar\/g\u00e1s num fornecimento e, ap\u00f3s a dete\u00e7\u00e3o do g\u00e1s, o rel\u00e9 de sa\u00edda \u00e9 aberto.","_links":{"self":[{"href":"https:\/\/shop.pecta.pt\/en\/wp-json\/wp\/v2\/product\/4011","targetHints":{"allow":["GET"]}}],"collection":[{"href":"https:\/\/shop.pecta.pt\/en\/wp-json\/wp\/v2\/product"}],"about":[{"href":"https:\/\/shop.pecta.pt\/en\/wp-json\/wp\/v2\/types\/product"}],"wp:featuredmedia":[{"embeddable":true,"href":"https:\/\/shop.pecta.pt\/en\/wp-json\/wp\/v2\/media\/4016"}],"wp:attachment":[{"href":"https:\/\/shop.pecta.pt\/en\/wp-json\/wp\/v2\/media?parent=4011"}],"wp:term":[{"taxonomy":"product_brand","embeddable":true,"href":"https:\/\/shop.pecta.pt\/en\/wp-json\/wp\/v2\/product_brand?post=4011"},{"taxonomy":"product_cat","embeddable":true,"href":"https:\/\/shop.pecta.pt\/en\/wp-json\/wp\/v2\/product_cat?post=4011"},{"taxonomy":"product_tag","embeddable":true,"href":"https:\/\/shop.pecta.pt\/en\/wp-json\/wp\/v2\/product_tag?post=4011"}],"curies":[{"name":"wp","href":"https:\/\/api.w.org\/{rel}","templated":true}]}}