{"id":4007,"date":"2025-03-20T14:43:33","date_gmt":"2025-03-20T14:43:33","guid":{"rendered":"https:\/\/shop.pecta.pt\/?post_type=product&#038;p=4007"},"modified":"2025-03-24T11:59:43","modified_gmt":"2025-03-24T11:59:43","slug":"enroladores-cabo-terra","status":"publish","type":"product","link":"https:\/\/shop.pecta.pt\/en\/product\/enroladores-cabo-terra\/","title":{"rendered":"Enroladores Cabo Terra"},"content":{"rendered":"<p>A Hannay Reels oferece uma vasta gama de enroladores standard para as mais variadas aplica\u00e7\u00f5es.<\/p>\n<div id=\"divEspecific3\">\n<div class=\"product-text\">Para Dissipa\u00e7\u00e3o de Eletricidade Est\u00e1tica.<\/div>\n<\/div>","protected":false},"excerpt":{"rendered":"<p data-start=\"344\" data-end=\"621\">O processo de personaliza\u00e7\u00e3o dos enroladores Hannay Reels \u00e9 simplificado com a nossa aplica\u00e7\u00e3o web, intuitiva e f\u00e1cil de usar para que correspondam exatamente \u00e0s suas necessidades espec\u00edficas. Com diversas op\u00e7\u00f5es de personaliza\u00e7\u00e3o.<\/p>\n<p data-start=\"623\" data-end=\"666\">Solu\u00e7\u00f5es \u00e0 medida, apenas a alguns cliques.<a href=\"https:\/\/config.shop.pecta.pt\" target=\"_blank\" rel=\"noopener\"><br \/>\n<button class=\"mt-4 px-6 py-3 bg-blue-700 text-white font-semibold rounded hover:bg-blue-800 transition\" type=\"button\"> Encontre a sua solu\u00e7\u00e3o<br \/>\n<\/button><br \/>\n<\/a><\/p>","protected":false},"featured_media":3999,"template":"","meta":{"_uag_custom_page_level_css":"","site-sidebar-layout":"default","site-content-layout":"","ast-site-content-layout":"default","site-content-style":"default","site-sidebar-style":"default","ast-global-header-display":"","ast-banner-title-visibility":"","ast-main-header-display":"","ast-hfb-above-header-display":"","ast-hfb-below-header-display":"","ast-hfb-mobile-header-display":"","site-post-title":"","ast-breadcrumbs-content":"","ast-featured-img":"","footer-sml-layout":"","theme-transparent-header-meta":"default","adv-header-id-meta":"","stick-header-meta":"","header-above-stick-meta":"","header-main-stick-meta":"","header-below-stick-meta":"","astra-migrate-meta-layouts":"set","ast-page-background-enabled":"default","ast-page-background-meta":{"desktop":{"background-color":"var(--ast-global-color-4)","background-image":"","background-repeat":"repeat","background-position":"center center","background-size":"auto","background-attachment":"scroll","background-type":"","background-media":"","overlay-type":"","overlay-color":"","overlay-opacity":"","overlay-gradient":""},"tablet":{"background-color":"","background-image":"","background-repeat":"repeat","background-position":"center center","background-size":"auto","background-attachment":"scroll","background-type":"","background-media":"","overlay-type":"","overlay-color":"","overlay-opacity":"","overlay-gradient":""},"mobile":{"background-color":"","background-image":"","background-repeat":"repeat","background-position":"center center","background-size":"auto","background-attachment":"scroll","background-type":"","background-media":"","overlay-type":"","overlay-color":"","overlay-opacity":"","overlay-gradient":""}},"ast-content-background-meta":{"desktop":{"background-color":"var(--ast-global-color-5)","background-image":"","background-repeat":"repeat","background-position":"center center","background-size":"auto","background-attachment":"scroll","background-type":"","background-media":"","overlay-type":"","overlay-color":"","overlay-opacity":"","overlay-gradient":""},"tablet":{"background-color":"var(--ast-global-color-5)","background-image":"","background-repeat":"repeat","background-position":"center center","background-size":"auto","background-attachment":"scroll","background-type":"","background-media":"","overlay-type":"","overlay-color":"","overlay-opacity":"","overlay-gradient":""},"mobile":{"background-color":"var(--ast-global-color-5)","background-image":"","background-repeat":"repeat","background-position":"center center","background-size":"auto","background-attachment":"scroll","background-type":"","background-media":"","overlay-type":"","overlay-color":"","overlay-opacity":"","overlay-gradient":""}}},"product_brand":[],"product_cat":[62],"product_tag":[252,259,263,260,255,257,258],"class_list":{"0":"post-4007","1":"product","2":"type-product","3":"status-publish","4":"has-post-thumbnail","6":"product_cat-hannay-reels","7":"product_tag-aviacao","8":"product_tag-cisternas","9":"product_tag-criogenia","10":"product_tag-gpl","11":"product_tag-industria-geral","12":"product_tag-militar","13":"product_tag-petroquimica","14":"desktop-align-left","15":"tablet-align-left","16":"mobile-align-left","18":"first","19":"onbackorder","20":"taxable","21":"shipping-taxable","22":"product-type-simple"},"aioseo_notices":[],"uagb_featured_image_src":{"full":["https:\/\/shop.pecta.pt\/wp-content\/uploads\/2025\/03\/hgr50ybranch.jpg.jpeg",500,500,false],"thumbnail":["https:\/\/shop.pecta.pt\/wp-content\/uploads\/2025\/03\/hgr50ybranch.jpg-150x150.jpeg",150,150,true],"medium":["https:\/\/shop.pecta.pt\/wp-content\/uploads\/2025\/03\/hgr50ybranch.jpg-300x300.jpeg",300,300,true],"medium_large":["https:\/\/shop.pecta.pt\/wp-content\/uploads\/2025\/03\/hgr50ybranch.jpg.jpeg",500,500,false],"large":["https:\/\/shop.pecta.pt\/wp-content\/uploads\/2025\/03\/hgr50ybranch.jpg.jpeg",500,500,false],"1536x1536":["https:\/\/shop.pecta.pt\/wp-content\/uploads\/2025\/03\/hgr50ybranch.jpg.jpeg",500,500,false],"2048x2048":["https:\/\/shop.pecta.pt\/wp-content\/uploads\/2025\/03\/hgr50ybranch.jpg.jpeg",500,500,false],"trp-custom-language-flag":["https:\/\/shop.pecta.pt\/wp-content\/uploads\/2025\/03\/hgr50ybranch.jpg-12x12.jpeg",12,12,true],"woocommerce_thumbnail":["https:\/\/shop.pecta.pt\/wp-content\/uploads\/2025\/03\/hgr50ybranch.jpg-300x300.jpeg",300,300,true],"woocommerce_single":["https:\/\/shop.pecta.pt\/wp-content\/uploads\/2025\/03\/hgr50ybranch.jpg.jpeg",500,500,false],"woocommerce_gallery_thumbnail":["https:\/\/shop.pecta.pt\/wp-content\/uploads\/2025\/03\/hgr50ybranch.jpg-100x100.jpeg",100,100,true]},"uagb_author_info":{"display_name":"info@pecta.pt","author_link":"https:\/\/shop.pecta.pt\/en\/author\/"},"uagb_comment_info":0,"uagb_excerpt":"O processo de personaliza\u00e7\u00e3o dos enroladores Hannay Reels \u00e9 simplificado com a nossa aplica\u00e7\u00e3o web, intuitiva e f\u00e1cil de usar para que correspondam exatamente \u00e0s suas necessidades espec\u00edficas. Com diversas op\u00e7\u00f5es de personaliza\u00e7\u00e3o. Solu\u00e7\u00f5es \u00e0 medida, apenas a alguns cliques. Encontre a sua solu\u00e7\u00e3o","_links":{"self":[{"href":"https:\/\/shop.pecta.pt\/en\/wp-json\/wp\/v2\/product\/4007","targetHints":{"allow":["GET"]}}],"collection":[{"href":"https:\/\/shop.pecta.pt\/en\/wp-json\/wp\/v2\/product"}],"about":[{"href":"https:\/\/shop.pecta.pt\/en\/wp-json\/wp\/v2\/types\/product"}],"wp:featuredmedia":[{"embeddable":true,"href":"https:\/\/shop.pecta.pt\/en\/wp-json\/wp\/v2\/media\/3999"}],"wp:attachment":[{"href":"https:\/\/shop.pecta.pt\/en\/wp-json\/wp\/v2\/media?parent=4007"}],"wp:term":[{"taxonomy":"product_brand","embeddable":true,"href":"https:\/\/shop.pecta.pt\/en\/wp-json\/wp\/v2\/product_brand?post=4007"},{"taxonomy":"product_cat","embeddable":true,"href":"https:\/\/shop.pecta.pt\/en\/wp-json\/wp\/v2\/product_cat?post=4007"},{"taxonomy":"product_tag","embeddable":true,"href":"https:\/\/shop.pecta.pt\/en\/wp-json\/wp\/v2\/product_tag?post=4007"}],"curies":[{"name":"wp","href":"https:\/\/api.w.org\/{rel}","templated":true}]}}