{"id":3897,"date":"2024-12-04T14:32:50","date_gmt":"2024-12-04T14:32:50","guid":{"rendered":"https:\/\/shop.pecta.pt\/product\/valvula-cunha-flang-dn150-6-ansi150-a216-wcb-genebre-2229a-14\/"},"modified":"2025-03-24T11:59:44","modified_gmt":"2025-03-24T11:59:44","slug":"valvula-cunha-flang-dn150-6-ansi150-a216-wcb-genebre-2229a-14","status":"publish","type":"product","link":"https:\/\/shop.pecta.pt\/en\/product\/valvula-cunha-flang-dn150-6-ansi150-a216-wcb-genebre-2229a-14\/","title":{"rendered":"V\u00e1lvula de Cunha Flangeada DN150-6&#8243; ANSI150 A216-WCB Genebre 2229A.14"},"content":{"rendered":"<p>V\u00e1lvula de cunha flangeada fabricada em a\u00e7o fundido A216-WCB, projetada para sistemas industriais com padr\u00e3o de flange ANSI 150. Com di\u00e2metro nominal de 150 mm (6\u201d), oferece fiabilidade e durabilidade em aplica\u00e7\u00f5es de controlo de fluxo em l\u00edquidos ou gases. Ideal para opera\u00e7\u00f5es de alta press\u00e3o, combinando resist\u00eancia mec\u00e2nica e veda\u00e7\u00e3o eficiente.<\/p>","protected":false},"excerpt":{"rendered":"<p>V\u00e1lvula de cunha flangeada fabricada em a\u00e7o fundido A216-WCB<\/p>","protected":false},"featured_media":3905,"template":"","meta":{"_uag_custom_page_level_css":"","site-sidebar-layout":"default","site-content-layout":"","ast-site-content-layout":"default","site-content-style":"default","site-sidebar-style":"default","ast-global-header-display":"","ast-banner-title-visibility":"","ast-main-header-display":"","ast-hfb-above-header-display":"","ast-hfb-below-header-display":"","ast-hfb-mobile-header-display":"","site-post-title":"","ast-breadcrumbs-content":"","ast-featured-img":"","footer-sml-layout":"","theme-transparent-header-meta":"default","adv-header-id-meta":"","stick-header-meta":"","header-above-stick-meta":"","header-main-stick-meta":"","header-below-stick-meta":"","astra-migrate-meta-layouts":"set","ast-page-background-enabled":"default","ast-page-background-meta":{"desktop":{"background-color":"var(--ast-global-color-4)","background-image":"","background-repeat":"repeat","background-position":"center center","background-size":"auto","background-attachment":"scroll","background-type":"","background-media":"","overlay-type":"","overlay-color":"","overlay-opacity":"","overlay-gradient":""},"tablet":{"background-color":"","background-image":"","background-repeat":"repeat","background-position":"center center","background-size":"auto","background-attachment":"scroll","background-type":"","background-media":"","overlay-type":"","overlay-color":"","overlay-opacity":"","overlay-gradient":""},"mobile":{"background-color":"","background-image":"","background-repeat":"repeat","background-position":"center center","background-size":"auto","background-attachment":"scroll","background-type":"","background-media":"","overlay-type":"","overlay-color":"","overlay-opacity":"","overlay-gradient":""}},"ast-content-background-meta":{"desktop":{"background-color":"var(--ast-global-color-5)","background-image":"","background-repeat":"repeat","background-position":"center center","background-size":"auto","background-attachment":"scroll","background-type":"","background-media":"","overlay-type":"","overlay-color":"","overlay-opacity":"","overlay-gradient":""},"tablet":{"background-color":"var(--ast-global-color-5)","background-image":"","background-repeat":"repeat","background-position":"center center","background-size":"auto","background-attachment":"scroll","background-type":"","background-media":"","overlay-type":"","overlay-color":"","overlay-opacity":"","overlay-gradient":""},"mobile":{"background-color":"var(--ast-global-color-5)","background-image":"","background-repeat":"repeat","background-position":"center center","background-size":"auto","background-attachment":"scroll","background-type":"","background-media":"","overlay-type":"","overlay-color":"","overlay-opacity":"","overlay-gradient":""}}},"product_brand":[],"product_cat":[209,233],"product_tag":[],"class_list":{"0":"post-3897","1":"product","2":"type-product","3":"status-publish","4":"has-post-thumbnail","6":"product_cat-valvulas-industriais","7":"product_cat-cunha","8":"desktop-align-left","9":"tablet-align-left","10":"mobile-align-left","12":"first","13":"outofstock","14":"taxable","15":"shipping-taxable","16":"purchasable","17":"product-type-simple"},"aioseo_notices":[],"uagb_featured_image_src":{"full":["https:\/\/shop.pecta.pt\/wp-content\/uploads\/2024\/12\/2229A.14.png",1080,1080,false],"thumbnail":["https:\/\/shop.pecta.pt\/wp-content\/uploads\/2024\/12\/2229A.14-150x150.png",150,150,true],"medium":["https:\/\/shop.pecta.pt\/wp-content\/uploads\/2024\/12\/2229A.14-300x300.png",300,300,true],"medium_large":["https:\/\/shop.pecta.pt\/wp-content\/uploads\/2024\/12\/2229A.14-768x768.png",768,768,true],"large":["https:\/\/shop.pecta.pt\/wp-content\/uploads\/2024\/12\/2229A.14-1024x1024.png",1024,1024,true],"1536x1536":["https:\/\/shop.pecta.pt\/wp-content\/uploads\/2024\/12\/2229A.14.png",1080,1080,false],"2048x2048":["https:\/\/shop.pecta.pt\/wp-content\/uploads\/2024\/12\/2229A.14.png",1080,1080,false],"trp-custom-language-flag":["https:\/\/shop.pecta.pt\/wp-content\/uploads\/2024\/12\/2229A.14-12x12.png",12,12,true],"woocommerce_thumbnail":["https:\/\/shop.pecta.pt\/wp-content\/uploads\/2024\/12\/2229A.14-300x300.png",300,300,true],"woocommerce_single":["https:\/\/shop.pecta.pt\/wp-content\/uploads\/2024\/12\/2229A.14-600x600.png",600,600,true],"woocommerce_gallery_thumbnail":["https:\/\/shop.pecta.pt\/wp-content\/uploads\/2024\/12\/2229A.14-100x100.png",100,100,true]},"uagb_author_info":{"display_name":"info@pecta.pt","author_link":"https:\/\/shop.pecta.pt\/en\/author\/"},"uagb_comment_info":0,"uagb_excerpt":"V\u00e1lvula de cunha flangeada fabricada em a\u00e7o fundido A216-WCB","_links":{"self":[{"href":"https:\/\/shop.pecta.pt\/en\/wp-json\/wp\/v2\/product\/3897","targetHints":{"allow":["GET"]}}],"collection":[{"href":"https:\/\/shop.pecta.pt\/en\/wp-json\/wp\/v2\/product"}],"about":[{"href":"https:\/\/shop.pecta.pt\/en\/wp-json\/wp\/v2\/types\/product"}],"wp:featuredmedia":[{"embeddable":true,"href":"https:\/\/shop.pecta.pt\/en\/wp-json\/wp\/v2\/media\/3905"}],"wp:attachment":[{"href":"https:\/\/shop.pecta.pt\/en\/wp-json\/wp\/v2\/media?parent=3897"}],"wp:term":[{"taxonomy":"product_brand","embeddable":true,"href":"https:\/\/shop.pecta.pt\/en\/wp-json\/wp\/v2\/product_brand?post=3897"},{"taxonomy":"product_cat","embeddable":true,"href":"https:\/\/shop.pecta.pt\/en\/wp-json\/wp\/v2\/product_cat?post=3897"},{"taxonomy":"product_tag","embeddable":true,"href":"https:\/\/shop.pecta.pt\/en\/wp-json\/wp\/v2\/product_tag?post=3897"}],"curies":[{"name":"wp","href":"https:\/\/api.w.org\/{rel}","templated":true}]}}