{"id":3583,"date":"2024-10-16T09:45:59","date_gmt":"2024-10-16T09:45:59","guid":{"rendered":"https:\/\/shop.pecta.pt\/product\/adap-p-chek-lok-1-5-8-unf-x-3-4-f-npt-rego-7590u-10\/"},"modified":"2025-03-24T11:59:46","modified_gmt":"2025-03-24T11:59:46","slug":"adap-p-chek-lok-1-5-8-unf-x-3-4-f-npt-rego-7590u-10","status":"publish","type":"product","link":"https:\/\/shop.pecta.pt\/en\/product\/adap-p-chek-lok-1-5-8-unf-x-3-4-f-npt-rego-7590u-10\/","title":{"rendered":"Adapter for Chek-Lok 1-5\/8\u2033 UNF x 3\/4\u2033 F.NPT RegO 7590U-10"},"content":{"rendered":"<p>The <strong>Adaptador RegO 7590U-10<\/strong> \u00e9 projetado para conectar o <strong>Chek-Lok 7590U<\/strong>. Este adaptador assegura uma instala\u00e7\u00e3o eficiente e segura, permitindo o fluxo controlado de g\u00e1s ou fluidos. Fabricado com materiais de alta qualidade, oferece resist\u00eancia e durabilidade, ideal para aplica\u00e7\u00f5es industriais exigentes.<\/p>\n<h5><strong>Caracter\u00edsticas:<\/strong><\/h5>\n<ul>\n<li><strong>Type<\/strong>: RegO 7590U-10.<\/li>\n<li><strong>Connections<\/strong>: 1.5\/8&#8243; UNF x 3\/4&#8243; F.NPT.<\/li>\n<li><strong>Fun\u00e7\u00e3o<\/strong>: Adaptador para Check-Lok 7590U<\/li>\n<\/ul>","protected":false},"excerpt":{"rendered":"<p>Adaptador RegO 7590U-10 para <strong>Chek-Lok 7590U<\/strong> com rosca de 1.5\/8&#8243; UNF a tubagens de 3\/4&#8243; F.NPT.<\/p>","protected":false},"featured_media":3678,"template":"","meta":{"_uag_custom_page_level_css":"","site-sidebar-layout":"default","site-content-layout":"","ast-site-content-layout":"default","site-content-style":"default","site-sidebar-style":"default","ast-global-header-display":"","ast-banner-title-visibility":"","ast-main-header-display":"","ast-hfb-above-header-display":"","ast-hfb-below-header-display":"","ast-hfb-mobile-header-display":"","site-post-title":"","ast-breadcrumbs-content":"","ast-featured-img":"","footer-sml-layout":"","theme-transparent-header-meta":"default","adv-header-id-meta":"","stick-header-meta":"","header-above-stick-meta":"","header-main-stick-meta":"","header-below-stick-meta":"","astra-migrate-meta-layouts":"set","ast-page-background-enabled":"default","ast-page-background-meta":{"desktop":{"background-color":"var(--ast-global-color-4)","background-image":"","background-repeat":"repeat","background-position":"center center","background-size":"auto","background-attachment":"scroll","background-type":"","background-media":"","overlay-type":"","overlay-color":"","overlay-opacity":"","overlay-gradient":""},"tablet":{"background-color":"","background-image":"","background-repeat":"repeat","background-position":"center center","background-size":"auto","background-attachment":"scroll","background-type":"","background-media":"","overlay-type":"","overlay-color":"","overlay-opacity":"","overlay-gradient":""},"mobile":{"background-color":"","background-image":"","background-repeat":"repeat","background-position":"center center","background-size":"auto","background-attachment":"scroll","background-type":"","background-media":"","overlay-type":"","overlay-color":"","overlay-opacity":"","overlay-gradient":""}},"ast-content-background-meta":{"desktop":{"background-color":"var(--ast-global-color-5)","background-image":"","background-repeat":"repeat","background-position":"center center","background-size":"auto","background-attachment":"scroll","background-type":"","background-media":"","overlay-type":"","overlay-color":"","overlay-opacity":"","overlay-gradient":""},"tablet":{"background-color":"var(--ast-global-color-5)","background-image":"","background-repeat":"repeat","background-position":"center center","background-size":"auto","background-attachment":"scroll","background-type":"","background-media":"","overlay-type":"","overlay-color":"","overlay-opacity":"","overlay-gradient":""},"mobile":{"background-color":"var(--ast-global-color-5)","background-image":"","background-repeat":"repeat","background-position":"center center","background-size":"auto","background-attachment":"scroll","background-type":"","background-media":"","overlay-type":"","overlay-color":"","overlay-opacity":"","overlay-gradient":""}}},"product_brand":[],"product_cat":[102,136],"product_tag":[],"class_list":{"0":"post-3583","1":"product","2":"type-product","3":"status-publish","4":"has-post-thumbnail","6":"product_cat-gama-gpl","7":"product_cat-adaptadores","8":"desktop-align-left","9":"tablet-align-left","10":"mobile-align-left","12":"first","13":"instock","14":"taxable","15":"shipping-taxable","16":"purchasable","17":"product-type-simple"},"aioseo_notices":[],"uagb_featured_image_src":{"full":["https:\/\/shop.pecta.pt\/wp-content\/uploads\/2024\/10\/7590U-10.png",960,1280,false],"thumbnail":["https:\/\/shop.pecta.pt\/wp-content\/uploads\/2024\/10\/7590U-10-150x150.png",150,150,true],"medium":["https:\/\/shop.pecta.pt\/wp-content\/uploads\/2024\/10\/7590U-10-225x300.png",225,300,true],"medium_large":["https:\/\/shop.pecta.pt\/wp-content\/uploads\/2024\/10\/7590U-10-768x1024.png",768,1024,true],"large":["https:\/\/shop.pecta.pt\/wp-content\/uploads\/2024\/10\/7590U-10-768x1024.png",768,1024,true],"1536x1536":["https:\/\/shop.pecta.pt\/wp-content\/uploads\/2024\/10\/7590U-10.png",960,1280,false],"2048x2048":["https:\/\/shop.pecta.pt\/wp-content\/uploads\/2024\/10\/7590U-10.png",960,1280,false],"trp-custom-language-flag":["https:\/\/shop.pecta.pt\/wp-content\/uploads\/2024\/10\/7590U-10-9x12.png",9,12,true],"woocommerce_thumbnail":["https:\/\/shop.pecta.pt\/wp-content\/uploads\/2024\/10\/7590U-10-300x300.png",300,300,true],"woocommerce_single":["https:\/\/shop.pecta.pt\/wp-content\/uploads\/2024\/10\/7590U-10-600x800.png",600,800,true],"woocommerce_gallery_thumbnail":["https:\/\/shop.pecta.pt\/wp-content\/uploads\/2024\/10\/7590U-10-100x100.png",100,100,true]},"uagb_author_info":{"display_name":"info@pecta.pt","author_link":"https:\/\/shop.pecta.pt\/en\/author\/"},"uagb_comment_info":0,"uagb_excerpt":"Adaptador RegO 7590U-10 para Chek-Lok 7590U com rosca de 1.5\/8\" UNF a tubagens de 3\/4\" F.NPT.","_links":{"self":[{"href":"https:\/\/shop.pecta.pt\/en\/wp-json\/wp\/v2\/product\/3583","targetHints":{"allow":["GET"]}}],"collection":[{"href":"https:\/\/shop.pecta.pt\/en\/wp-json\/wp\/v2\/product"}],"about":[{"href":"https:\/\/shop.pecta.pt\/en\/wp-json\/wp\/v2\/types\/product"}],"wp:featuredmedia":[{"embeddable":true,"href":"https:\/\/shop.pecta.pt\/en\/wp-json\/wp\/v2\/media\/3678"}],"wp:attachment":[{"href":"https:\/\/shop.pecta.pt\/en\/wp-json\/wp\/v2\/media?parent=3583"}],"wp:term":[{"taxonomy":"product_brand","embeddable":true,"href":"https:\/\/shop.pecta.pt\/en\/wp-json\/wp\/v2\/product_brand?post=3583"},{"taxonomy":"product_cat","embeddable":true,"href":"https:\/\/shop.pecta.pt\/en\/wp-json\/wp\/v2\/product_cat?post=3583"},{"taxonomy":"product_tag","embeddable":true,"href":"https:\/\/shop.pecta.pt\/en\/wp-json\/wp\/v2\/product_tag?post=3583"}],"curies":[{"name":"wp","href":"https:\/\/api.w.org\/{rel}","templated":true}]}}