{"id":3577,"date":"2024-10-16T09:37:48","date_gmt":"2024-10-16T09:37:48","guid":{"rendered":"https:\/\/shop.pecta.pt\/product\/valvula-agulha-1-4-f-npt-138bar-rego-kln250b\/"},"modified":"2025-03-24T11:59:46","modified_gmt":"2025-03-24T11:59:46","slug":"valvula-agulha-1-4-f-npt-138bar-rego-kln250b","status":"publish","type":"product","link":"https:\/\/shop.pecta.pt\/en\/product\/valvula-agulha-1-4-f-npt-138bar-rego-kln250b\/","title":{"rendered":"V\u00e1lvula Agulha 1\/4&#8243; F.NPT (138bar) RegO KLN250B"},"content":{"rendered":"<p>The <strong>V\u00e1lvula Agulha RegO KLN250B<\/strong> \u00e9 projetada para controle preciso de fluxo em sistemas de alta press\u00e3o. Com conex\u00e3o de 1\/4&#8243; F.NPT, suporta press\u00f5es de at\u00e9 <strong>138 bar<\/strong>, ideal para aplica\u00e7\u00f5es em g\u00e1s e outros fluidos. O design robusto garante durabilidade e efici\u00eancia.<\/p>\n<h5><strong>Caracter\u00edsticas:<\/strong><\/h5>\n<ul>\n<li><strong>Type<\/strong>: RegO KLN250B.<\/li>\n<li><strong>Connection<\/strong>: 1\/4&#8243; F.NPT.<\/li>\n<li><strong>Press\u00e3o m\u00e1xima<\/strong>: 138 bar.<\/li>\n<li><strong>Uso<\/strong>: Controle de fluxo em sistemas de alta press\u00e3o.<\/li>\n<\/ul>","protected":false},"excerpt":{"rendered":"<p>V\u00e1lvula agulha RegO KLN250B de 1\/4&#8243; F.NPT, com press\u00e3o m\u00e1xima de 138 bar.<\/p>\n<p>&nbsp;<\/p>","protected":false},"featured_media":3632,"template":"","meta":{"_uag_custom_page_level_css":"","site-sidebar-layout":"default","site-content-layout":"","ast-site-content-layout":"default","site-content-style":"default","site-sidebar-style":"default","ast-global-header-display":"","ast-banner-title-visibility":"","ast-main-header-display":"","ast-hfb-above-header-display":"","ast-hfb-below-header-display":"","ast-hfb-mobile-header-display":"","site-post-title":"","ast-breadcrumbs-content":"","ast-featured-img":"","footer-sml-layout":"","theme-transparent-header-meta":"default","adv-header-id-meta":"","stick-header-meta":"","header-above-stick-meta":"","header-main-stick-meta":"","header-below-stick-meta":"","astra-migrate-meta-layouts":"set","ast-page-background-enabled":"default","ast-page-background-meta":{"desktop":{"background-color":"var(--ast-global-color-4)","background-image":"","background-repeat":"repeat","background-position":"center center","background-size":"auto","background-attachment":"scroll","background-type":"","background-media":"","overlay-type":"","overlay-color":"","overlay-opacity":"","overlay-gradient":""},"tablet":{"background-color":"","background-image":"","background-repeat":"repeat","background-position":"center center","background-size":"auto","background-attachment":"scroll","background-type":"","background-media":"","overlay-type":"","overlay-color":"","overlay-opacity":"","overlay-gradient":""},"mobile":{"background-color":"","background-image":"","background-repeat":"repeat","background-position":"center center","background-size":"auto","background-attachment":"scroll","background-type":"","background-media":"","overlay-type":"","overlay-color":"","overlay-opacity":"","overlay-gradient":""}},"ast-content-background-meta":{"desktop":{"background-color":"var(--ast-global-color-5)","background-image":"","background-repeat":"repeat","background-position":"center center","background-size":"auto","background-attachment":"scroll","background-type":"","background-media":"","overlay-type":"","overlay-color":"","overlay-opacity":"","overlay-gradient":""},"tablet":{"background-color":"var(--ast-global-color-5)","background-image":"","background-repeat":"repeat","background-position":"center center","background-size":"auto","background-attachment":"scroll","background-type":"","background-media":"","overlay-type":"","overlay-color":"","overlay-opacity":"","overlay-gradient":""},"mobile":{"background-color":"var(--ast-global-color-5)","background-image":"","background-repeat":"repeat","background-position":"center center","background-size":"auto","background-attachment":"scroll","background-type":"","background-media":"","overlay-type":"","overlay-color":"","overlay-opacity":"","overlay-gradient":""}}},"product_brand":[],"product_cat":[102,184],"product_tag":[],"class_list":{"0":"post-3577","1":"product","2":"type-product","3":"status-publish","4":"has-post-thumbnail","6":"product_cat-gama-gpl","7":"product_cat-valvulas-corte-gama-gpl","8":"desktop-align-left","9":"tablet-align-left","10":"mobile-align-left","12":"first","13":"instock","14":"taxable","15":"shipping-taxable","16":"purchasable","17":"product-type-simple"},"aioseo_notices":[],"uagb_featured_image_src":{"full":["https:\/\/shop.pecta.pt\/wp-content\/uploads\/2024\/10\/KLN250B.png",1080,1080,false],"thumbnail":["https:\/\/shop.pecta.pt\/wp-content\/uploads\/2024\/10\/KLN250B-150x150.png",150,150,true],"medium":["https:\/\/shop.pecta.pt\/wp-content\/uploads\/2024\/10\/KLN250B-300x300.png",300,300,true],"medium_large":["https:\/\/shop.pecta.pt\/wp-content\/uploads\/2024\/10\/KLN250B-768x768.png",768,768,true],"large":["https:\/\/shop.pecta.pt\/wp-content\/uploads\/2024\/10\/KLN250B-1024x1024.png",1024,1024,true],"1536x1536":["https:\/\/shop.pecta.pt\/wp-content\/uploads\/2024\/10\/KLN250B.png",1080,1080,false],"2048x2048":["https:\/\/shop.pecta.pt\/wp-content\/uploads\/2024\/10\/KLN250B.png",1080,1080,false],"trp-custom-language-flag":["https:\/\/shop.pecta.pt\/wp-content\/uploads\/2024\/10\/KLN250B-12x12.png",12,12,true],"woocommerce_thumbnail":["https:\/\/shop.pecta.pt\/wp-content\/uploads\/2024\/10\/KLN250B-300x300.png",300,300,true],"woocommerce_single":["https:\/\/shop.pecta.pt\/wp-content\/uploads\/2024\/10\/KLN250B-600x600.png",600,600,true],"woocommerce_gallery_thumbnail":["https:\/\/shop.pecta.pt\/wp-content\/uploads\/2024\/10\/KLN250B-100x100.png",100,100,true]},"uagb_author_info":{"display_name":"info@pecta.pt","author_link":"https:\/\/shop.pecta.pt\/en\/author\/"},"uagb_comment_info":0,"uagb_excerpt":"V\u00e1lvula agulha RegO KLN250B de 1\/4\" F.NPT, com press\u00e3o m\u00e1xima de 138 bar. &nbsp;","_links":{"self":[{"href":"https:\/\/shop.pecta.pt\/en\/wp-json\/wp\/v2\/product\/3577","targetHints":{"allow":["GET"]}}],"collection":[{"href":"https:\/\/shop.pecta.pt\/en\/wp-json\/wp\/v2\/product"}],"about":[{"href":"https:\/\/shop.pecta.pt\/en\/wp-json\/wp\/v2\/types\/product"}],"wp:featuredmedia":[{"embeddable":true,"href":"https:\/\/shop.pecta.pt\/en\/wp-json\/wp\/v2\/media\/3632"}],"wp:attachment":[{"href":"https:\/\/shop.pecta.pt\/en\/wp-json\/wp\/v2\/media?parent=3577"}],"wp:term":[{"taxonomy":"product_brand","embeddable":true,"href":"https:\/\/shop.pecta.pt\/en\/wp-json\/wp\/v2\/product_brand?post=3577"},{"taxonomy":"product_cat","embeddable":true,"href":"https:\/\/shop.pecta.pt\/en\/wp-json\/wp\/v2\/product_cat?post=3577"},{"taxonomy":"product_tag","embeddable":true,"href":"https:\/\/shop.pecta.pt\/en\/wp-json\/wp\/v2\/product_tag?post=3577"}],"curies":[{"name":"wp","href":"https:\/\/api.w.org\/{rel}","templated":true}]}}