{"id":3559,"date":"2024-10-15T16:45:29","date_gmt":"2024-10-15T16:45:29","guid":{"rendered":"https:\/\/shop.pecta.pt\/product\/adap-latao-2-1-4-m-acme-x-1-f-npt-rego-5766e\/"},"modified":"2025-03-24T11:59:46","modified_gmt":"2025-03-24T11:59:46","slug":"adap-latao-2-1-4-m-acme-x-1-f-npt-rego-5766e","status":"publish","type":"product","link":"https:\/\/shop.pecta.pt\/en\/product\/adap-latao-2-1-4-m-acme-x-1-f-npt-rego-5766e\/","title":{"rendered":"Brass Adapter 2.1\/4\u2033 M.ACME x 1\u2033 F.NPT RegO 5766E"},"content":{"rendered":"<p>The <strong>Brass Adapter 2.1\/4\u2033 M.ACME x 1\u2033 F.NPT RegO 5766E<\/strong>\u00a0\u00e9 um conector utilizado em sistemas de g\u00e1s, como GLP, para adaptar roscas de diferentes tipos, facilitando a integra\u00e7\u00e3o de componentes de sistemas de transporte e armazenamento de g\u00e1s.<\/p>\n<h5><strong>Caracter\u00edsticas:<\/strong><\/h5>\n<ul>\n<li><strong>Connection<\/strong>: 2.1\/4&#8243; M.ACME x 1&#8243; F.NPT.<\/li>\n<li><strong>Material<\/strong>: Lat\u00e3o<\/li>\n<li><strong>Aplica\u00e7\u00e3o<\/strong>: Sistemas de g\u00e1s pressurizado, como GLP.<\/li>\n<li><strong>Fun\u00e7\u00e3o<\/strong>: Adaptar diferentes tipos de roscas, assegurando uma conex\u00e3o segura e estanque.<\/li>\n<\/ul>","protected":false},"excerpt":{"rendered":"<p>Conector utilizado em sistemas de g\u00e1s, como GLP, para adaptar roscas de diferentes tipos.<\/p>","protected":false},"featured_media":0,"template":"","meta":{"_uag_custom_page_level_css":"","site-sidebar-layout":"default","site-content-layout":"","ast-site-content-layout":"default","site-content-style":"default","site-sidebar-style":"default","ast-global-header-display":"","ast-banner-title-visibility":"","ast-main-header-display":"","ast-hfb-above-header-display":"","ast-hfb-below-header-display":"","ast-hfb-mobile-header-display":"","site-post-title":"","ast-breadcrumbs-content":"","ast-featured-img":"","footer-sml-layout":"","theme-transparent-header-meta":"default","adv-header-id-meta":"","stick-header-meta":"","header-above-stick-meta":"","header-main-stick-meta":"","header-below-stick-meta":"","astra-migrate-meta-layouts":"set","ast-page-background-enabled":"default","ast-page-background-meta":{"desktop":{"background-color":"var(--ast-global-color-4)","background-image":"","background-repeat":"repeat","background-position":"center center","background-size":"auto","background-attachment":"scroll","background-type":"","background-media":"","overlay-type":"","overlay-color":"","overlay-opacity":"","overlay-gradient":""},"tablet":{"background-color":"","background-image":"","background-repeat":"repeat","background-position":"center center","background-size":"auto","background-attachment":"scroll","background-type":"","background-media":"","overlay-type":"","overlay-color":"","overlay-opacity":"","overlay-gradient":""},"mobile":{"background-color":"","background-image":"","background-repeat":"repeat","background-position":"center center","background-size":"auto","background-attachment":"scroll","background-type":"","background-media":"","overlay-type":"","overlay-color":"","overlay-opacity":"","overlay-gradient":""}},"ast-content-background-meta":{"desktop":{"background-color":"var(--ast-global-color-5)","background-image":"","background-repeat":"repeat","background-position":"center center","background-size":"auto","background-attachment":"scroll","background-type":"","background-media":"","overlay-type":"","overlay-color":"","overlay-opacity":"","overlay-gradient":""},"tablet":{"background-color":"var(--ast-global-color-5)","background-image":"","background-repeat":"repeat","background-position":"center center","background-size":"auto","background-attachment":"scroll","background-type":"","background-media":"","overlay-type":"","overlay-color":"","overlay-opacity":"","overlay-gradient":""},"mobile":{"background-color":"var(--ast-global-color-5)","background-image":"","background-repeat":"repeat","background-position":"center center","background-size":"auto","background-attachment":"scroll","background-type":"","background-media":"","overlay-type":"","overlay-color":"","overlay-opacity":"","overlay-gradient":""}}},"product_brand":[],"product_cat":[102,136],"product_tag":[],"class_list":{"0":"post-3559","1":"product","2":"type-product","3":"status-publish","5":"product_cat-gama-gpl","6":"product_cat-adaptadores","7":"desktop-align-left","8":"tablet-align-left","9":"mobile-align-left","11":"first","12":"instock","13":"taxable","14":"shipping-taxable","15":"purchasable","16":"product-type-simple"},"aioseo_notices":[],"uagb_featured_image_src":{"full":false,"thumbnail":false,"medium":false,"medium_large":false,"large":false,"1536x1536":false,"2048x2048":false,"trp-custom-language-flag":false,"woocommerce_thumbnail":false,"woocommerce_single":false,"woocommerce_gallery_thumbnail":false},"uagb_author_info":{"display_name":"info@pecta.pt","author_link":"https:\/\/shop.pecta.pt\/en\/author\/"},"uagb_comment_info":0,"uagb_excerpt":"Conector utilizado em sistemas de g\u00e1s, como GLP, para adaptar roscas de diferentes tipos.","_links":{"self":[{"href":"https:\/\/shop.pecta.pt\/en\/wp-json\/wp\/v2\/product\/3559","targetHints":{"allow":["GET"]}}],"collection":[{"href":"https:\/\/shop.pecta.pt\/en\/wp-json\/wp\/v2\/product"}],"about":[{"href":"https:\/\/shop.pecta.pt\/en\/wp-json\/wp\/v2\/types\/product"}],"wp:attachment":[{"href":"https:\/\/shop.pecta.pt\/en\/wp-json\/wp\/v2\/media?parent=3559"}],"wp:term":[{"taxonomy":"product_brand","embeddable":true,"href":"https:\/\/shop.pecta.pt\/en\/wp-json\/wp\/v2\/product_brand?post=3559"},{"taxonomy":"product_cat","embeddable":true,"href":"https:\/\/shop.pecta.pt\/en\/wp-json\/wp\/v2\/product_cat?post=3559"},{"taxonomy":"product_tag","embeddable":true,"href":"https:\/\/shop.pecta.pt\/en\/wp-json\/wp\/v2\/product_tag?post=3559"}],"curies":[{"name":"wp","href":"https:\/\/api.w.org\/{rel}","templated":true}]}}