{"id":3457,"date":"2024-10-15T11:03:51","date_gmt":"2024-10-15T11:03:51","guid":{"rendered":"https:\/\/shop.pecta.pt\/product\/valv-vapor-1-3-4-m-acme-x-1-1-4-m-npt-rego-3183ac\/"},"modified":"2025-03-24T11:59:47","modified_gmt":"2025-03-24T11:59:47","slug":"valvula-vapor-1-3-4-m-acme-x-1-1-4-m-npt-rego-3183ac","status":"publish","type":"product","link":"https:\/\/shop.pecta.pt\/en\/product\/valvula-vapor-1-3-4-m-acme-x-1-1-4-m-npt-rego-3183ac\/","title":{"rendered":"Steam Valve 1.3\/4\u2033 M.ACME x 1.1\/4\u2033 M.NPT RegO 3183AC"},"content":{"rendered":"<p>The valve <strong>RegO 3183AC<\/strong> is a vapour valve with a <strong>1.3\/4&#8243; M.ACME<\/strong> for coupling to a filling or transfer line and a <strong>1.1\/4&#8243; M.NPT<\/strong>, this is a valve that connects to the gas storage or transport system. This valve is widely used in gas systems that require vapour flow control, especially in industrial, transport and LPG storage applications.<\/p>\n<h5><strong>How it works:<\/strong><\/h5>\n<p>A v\u00e1lvula regula o fluxo de vapor ao ser aberta para permitir a passagem de g\u00e1s do estado l\u00edquido para vapor. Ela \u00e9 ativada manualmente, e, quando a v\u00e1lvula est\u00e1 aberta, o vapor flui do tanque para a linha de transfer\u00eancia ou vice-versa. A v\u00e1lvula <strong>ACME<\/strong> oferece uma veda\u00e7\u00e3o eficaz e uma conex\u00e3o firme, permitindo o controlo preciso do vapor no sistema. Uma vez conclu\u00eddo o processo, a v\u00e1lvula pode ser fechada, interrompendo o fluxo de vapor e garantindo a seguran\u00e7a do sistema.<\/p>\n<h5><strong>Advantages:<\/strong><\/h5>\n<ul>\n<li><strong>Controlo seguro do vapor<\/strong>: A v\u00e1lvula garante uma regula\u00e7\u00e3o eficaz do fluxo de g\u00e1s em estado de vapor, proporcionando maior seguran\u00e7a nas opera\u00e7\u00f5es de enchimento e transfer\u00eancia.<\/li>\n<li><strong>Conex\u00e3o firme e segura<\/strong>: O design <strong>ACME<\/strong> assegura uma veda\u00e7\u00e3o herm\u00e9tica, evitando fugas durante o enchimento e o transporte.<\/li>\n<li><strong>Versatilidade de uso<\/strong>: Compat\u00edvel com uma ampla gama de aplica\u00e7\u00f5es industriais, especialmente em sistemas de GLP e g\u00e1s pressurizado.<\/li>\n<\/ul>","protected":false},"excerpt":{"rendered":"<p>Used in pressurised gas systems, such as LPG (liquefied petroleum gas) and other gases, to control and regulate the flow of steam or gas in industrial processes.<\/p>","protected":false},"featured_media":3510,"template":"","meta":{"_uag_custom_page_level_css":"","site-sidebar-layout":"default","site-content-layout":"","ast-site-content-layout":"default","site-content-style":"default","site-sidebar-style":"default","ast-global-header-display":"","ast-banner-title-visibility":"","ast-main-header-display":"","ast-hfb-above-header-display":"","ast-hfb-below-header-display":"","ast-hfb-mobile-header-display":"","site-post-title":"","ast-breadcrumbs-content":"","ast-featured-img":"","footer-sml-layout":"","theme-transparent-header-meta":"default","adv-header-id-meta":"","stick-header-meta":"","header-above-stick-meta":"","header-main-stick-meta":"","header-below-stick-meta":"","astra-migrate-meta-layouts":"set","ast-page-background-enabled":"default","ast-page-background-meta":{"desktop":{"background-color":"var(--ast-global-color-4)","background-image":"","background-repeat":"repeat","background-position":"center center","background-size":"auto","background-attachment":"scroll","background-type":"","background-media":"","overlay-type":"","overlay-color":"","overlay-opacity":"","overlay-gradient":""},"tablet":{"background-color":"","background-image":"","background-repeat":"repeat","background-position":"center center","background-size":"auto","background-attachment":"scroll","background-type":"","background-media":"","overlay-type":"","overlay-color":"","overlay-opacity":"","overlay-gradient":""},"mobile":{"background-color":"","background-image":"","background-repeat":"repeat","background-position":"center center","background-size":"auto","background-attachment":"scroll","background-type":"","background-media":"","overlay-type":"","overlay-color":"","overlay-opacity":"","overlay-gradient":""}},"ast-content-background-meta":{"desktop":{"background-color":"var(--ast-global-color-5)","background-image":"","background-repeat":"repeat","background-position":"center center","background-size":"auto","background-attachment":"scroll","background-type":"","background-media":"","overlay-type":"","overlay-color":"","overlay-opacity":"","overlay-gradient":""},"tablet":{"background-color":"var(--ast-global-color-5)","background-image":"","background-repeat":"repeat","background-position":"center center","background-size":"auto","background-attachment":"scroll","background-type":"","background-media":"","overlay-type":"","overlay-color":"","overlay-opacity":"","overlay-gradient":""},"mobile":{"background-color":"var(--ast-global-color-5)","background-image":"","background-repeat":"repeat","background-position":"center center","background-size":"auto","background-attachment":"scroll","background-type":"","background-media":"","overlay-type":"","overlay-color":"","overlay-opacity":"","overlay-gradient":""}}},"product_brand":[],"product_cat":[102,155],"product_tag":[],"class_list":{"0":"post-3457","1":"product","2":"type-product","3":"status-publish","4":"has-post-thumbnail","6":"product_cat-gama-gpl","7":"product_cat-valvulas-enchimento","8":"desktop-align-left","9":"tablet-align-left","10":"mobile-align-left","12":"first","13":"instock","14":"taxable","15":"shipping-taxable","16":"purchasable","17":"product-type-simple"},"aioseo_notices":[],"uagb_featured_image_src":{"full":["https:\/\/shop.pecta.pt\/wp-content\/uploads\/2024\/10\/3183AC.png",1080,1080,false],"thumbnail":["https:\/\/shop.pecta.pt\/wp-content\/uploads\/2024\/10\/3183AC-150x150.png",150,150,true],"medium":["https:\/\/shop.pecta.pt\/wp-content\/uploads\/2024\/10\/3183AC-300x300.png",300,300,true],"medium_large":["https:\/\/shop.pecta.pt\/wp-content\/uploads\/2024\/10\/3183AC-768x768.png",768,768,true],"large":["https:\/\/shop.pecta.pt\/wp-content\/uploads\/2024\/10\/3183AC-1024x1024.png",1024,1024,true],"1536x1536":["https:\/\/shop.pecta.pt\/wp-content\/uploads\/2024\/10\/3183AC.png",1080,1080,false],"2048x2048":["https:\/\/shop.pecta.pt\/wp-content\/uploads\/2024\/10\/3183AC.png",1080,1080,false],"trp-custom-language-flag":["https:\/\/shop.pecta.pt\/wp-content\/uploads\/2024\/10\/3183AC-12x12.png",12,12,true],"woocommerce_thumbnail":["https:\/\/shop.pecta.pt\/wp-content\/uploads\/2024\/10\/3183AC-300x300.png",300,300,true],"woocommerce_single":["https:\/\/shop.pecta.pt\/wp-content\/uploads\/2024\/10\/3183AC-600x600.png",600,600,true],"woocommerce_gallery_thumbnail":["https:\/\/shop.pecta.pt\/wp-content\/uploads\/2024\/10\/3183AC-100x100.png",100,100,true]},"uagb_author_info":{"display_name":"info@pecta.pt","author_link":"https:\/\/shop.pecta.pt\/en\/author\/"},"uagb_comment_info":0,"uagb_excerpt":"Utilizado em sistemas de g\u00e1s pressurizado, como GLP (g\u00e1s liquefeito de petr\u00f3leo) e outros gases, para o controlo e regula\u00e7\u00e3o do fluxo de vapor ou g\u00e1s em processos industriais.","_links":{"self":[{"href":"https:\/\/shop.pecta.pt\/en\/wp-json\/wp\/v2\/product\/3457","targetHints":{"allow":["GET"]}}],"collection":[{"href":"https:\/\/shop.pecta.pt\/en\/wp-json\/wp\/v2\/product"}],"about":[{"href":"https:\/\/shop.pecta.pt\/en\/wp-json\/wp\/v2\/types\/product"}],"wp:featuredmedia":[{"embeddable":true,"href":"https:\/\/shop.pecta.pt\/en\/wp-json\/wp\/v2\/media\/3510"}],"wp:attachment":[{"href":"https:\/\/shop.pecta.pt\/en\/wp-json\/wp\/v2\/media?parent=3457"}],"wp:term":[{"taxonomy":"product_brand","embeddable":true,"href":"https:\/\/shop.pecta.pt\/en\/wp-json\/wp\/v2\/product_brand?post=3457"},{"taxonomy":"product_cat","embeddable":true,"href":"https:\/\/shop.pecta.pt\/en\/wp-json\/wp\/v2\/product_cat?post=3457"},{"taxonomy":"product_tag","embeddable":true,"href":"https:\/\/shop.pecta.pt\/en\/wp-json\/wp\/v2\/product_tag?post=3457"}],"curies":[{"name":"wp","href":"https:\/\/api.w.org\/{rel}","templated":true}]}}