{"id":3355,"date":"2024-10-14T10:30:29","date_gmt":"2024-10-14T10:30:29","guid":{"rendered":"https:\/\/shop.pecta.pt\/product\/junta-p-eu30-omeca-pv30\/"},"modified":"2025-03-24T11:59:47","modified_gmt":"2025-03-24T11:59:47","slug":"juntas-para-valvulas-seguranca-omeca","status":"publish","type":"product","link":"https:\/\/shop.pecta.pt\/en\/product\/juntas-para-valvulas-seguranca-omeca\/","title":{"rendered":"Gaskets for Omeca Safety Valves"},"content":{"rendered":"<p>As juntas <strong>PV20, PV30<\/strong> s\u00e3o <strong>elementos de veda\u00e7\u00e3o<\/strong> que s\u00e3o instaladas entre as partes de acoplamento de v\u00e1lvulas seguran\u00e7a da <strong>Cavagna (Omeca).<\/strong><\/p>\n<h3 id=\"tabela-RS\" style=\"text-align: center;\">Valve Set<\/h3>\n<p style=\"text-align: center;\">External spring-loaded safety valves must be used in conjunction with the following accessories <strong>check-device<\/strong> and respective <strong>gasket<\/strong><\/p>\n<div style=\"overflow-x: auto;\">\n<table style=\"border-collapse: collapse; width: auto; margin: auto;\">\n<thead><!-- Linha superior com colunas vazias e t\u00edtulos nas \u00faltimas 2 colunas --><\/p>\n<tr>\n<td colspan=\"3\"><\/td>\n<p><!-- Colunas vazias para \"Check Device\", \"Junta\", e \"V\u00e1lvula\" --><\/p>\n<td style=\"background-color: #fdc210; color: #ffffff; text-align: center;\" colspan=\"2\"><strong>Connections<\/strong><\/td>\n<\/tr>\n<p><!-- Cabe\u00e7alho da tabela --><\/p>\n<tr style=\"background-color: #fdc210; color: #ffffff; text-align: center;\">\n<th>Check Device<\/th>\n<th>Gasket<\/th>\n<th>Valve<\/th>\n<th>Tank connection<\/th>\n<th>Input connection<\/th>\n<\/tr>\n<\/thead>\n<tbody style=\"text-align: center;\">\n<tr>\n<td><a href=\"https:\/\/shop.pecta.pt\/en\/product\/adaptadores-check-device-para-valvulas-cavagna-omeca\/\">ST20<\/a><\/td>\n<td><a href=\"https:\/\/shop.pecta.pt\/en\/product\/juntas-para-valvulas-seguranca-omeca\/\">PV20<\/a><\/td>\n<td><a href=\"https:\/\/shop.pecta.pt\/en\/product\/valvula-de-seguranca-externa-omeca-eu30-1765bar\/\">EU20<\/a><\/td>\n<td>1.1\/4&#8243; M.NPT<\/td>\n<td>3\/4&#8243; F.NPSM<\/td>\n<\/tr>\n<tr>\n<td><a href=\"https:\/\/shop.pecta.pt\/en\/product\/adaptadores-check-device-para-valvulas-cavagna-omeca\/\">ST30<\/a><\/td>\n<td><a href=\"https:\/\/shop.pecta.pt\/en\/product\/juntas-para-valvulas-seguranca-omeca\/\">PV30<\/a><\/td>\n<td><a href=\"https:\/\/shop.pecta.pt\/en\/product\/valvula-de-seguranca-externa-omeca-eu30-1765bar\/\">EU30<\/a><\/td>\n<td>1.1\/2&#8243; M.NPT<\/td>\n<td>1.1\/4&#8243; F.NPSM<\/td>\n<\/tr>\n<tr>\n<td><a href=\"https:\/\/shop.pecta.pt\/en\/product\/adaptadores-check-device-para-valvulas-cavagna-omeca\/\">ST32<\/a><\/td>\n<td><a href=\"https:\/\/shop.pecta.pt\/en\/product\/juntas-para-valvulas-seguranca-omeca\/\">PV30<\/a><\/td>\n<td><a href=\"https:\/\/shop.pecta.pt\/en\/product\/valvula-de-seguranca-externa-omeca-eu30-1765bar\/\">EU30<\/a><\/td>\n<td>2&#8243; M.NPT<\/td>\n<td>1.1\/4&#8243; F.NPSM<\/td>\n<\/tr>\n<\/tbody>\n<\/table>\n<\/div>","protected":false},"excerpt":{"rendered":"<p>Estas juntas s\u00e3o fundamentais para assegurar o desempenho correto e seguro das v\u00e1lvulas (<strong>EU20, EU30<\/strong>) em sistemas pressurizados.<\/p>","protected":false},"featured_media":3404,"template":"","meta":{"_uag_custom_page_level_css":"","site-sidebar-layout":"default","site-content-layout":"","ast-site-content-layout":"default","site-content-style":"default","site-sidebar-style":"default","ast-global-header-display":"","ast-banner-title-visibility":"","ast-main-header-display":"","ast-hfb-above-header-display":"","ast-hfb-below-header-display":"","ast-hfb-mobile-header-display":"","site-post-title":"","ast-breadcrumbs-content":"","ast-featured-img":"","footer-sml-layout":"","theme-transparent-header-meta":"default","adv-header-id-meta":"","stick-header-meta":"","header-above-stick-meta":"","header-main-stick-meta":"","header-below-stick-meta":"","astra-migrate-meta-layouts":"set","ast-page-background-enabled":"default","ast-page-background-meta":{"desktop":{"background-color":"var(--ast-global-color-4)","background-image":"","background-repeat":"repeat","background-position":"center center","background-size":"auto","background-attachment":"scroll","background-type":"","background-media":"","overlay-type":"","overlay-color":"","overlay-opacity":"","overlay-gradient":""},"tablet":{"background-color":"","background-image":"","background-repeat":"repeat","background-position":"center center","background-size":"auto","background-attachment":"scroll","background-type":"","background-media":"","overlay-type":"","overlay-color":"","overlay-opacity":"","overlay-gradient":""},"mobile":{"background-color":"","background-image":"","background-repeat":"repeat","background-position":"center center","background-size":"auto","background-attachment":"scroll","background-type":"","background-media":"","overlay-type":"","overlay-color":"","overlay-opacity":"","overlay-gradient":""}},"ast-content-background-meta":{"desktop":{"background-color":"var(--ast-global-color-5)","background-image":"","background-repeat":"repeat","background-position":"center center","background-size":"auto","background-attachment":"scroll","background-type":"","background-media":"","overlay-type":"","overlay-color":"","overlay-opacity":"","overlay-gradient":""},"tablet":{"background-color":"var(--ast-global-color-5)","background-image":"","background-repeat":"repeat","background-position":"center center","background-size":"auto","background-attachment":"scroll","background-type":"","background-media":"","overlay-type":"","overlay-color":"","overlay-opacity":"","overlay-gradient":""},"mobile":{"background-color":"var(--ast-global-color-5)","background-image":"","background-repeat":"repeat","background-position":"center center","background-size":"auto","background-attachment":"scroll","background-type":"","background-media":"","overlay-type":"","overlay-color":"","overlay-opacity":"","overlay-gradient":""}}},"product_brand":[],"product_cat":[102,130],"product_tag":[],"class_list":{"0":"post-3355","1":"product","2":"type-product","3":"status-publish","4":"has-post-thumbnail","6":"product_cat-gama-gpl","7":"product_cat-juntas","8":"desktop-align-left","9":"tablet-align-left","10":"mobile-align-left","12":"first","13":"instock","14":"taxable","15":"shipping-taxable","16":"purchasable","17":"product-type-variable"},"aioseo_notices":[],"uagb_featured_image_src":{"full":["https:\/\/shop.pecta.pt\/wp-content\/uploads\/2024\/10\/pv30-1.png",1080,1080,false],"thumbnail":["https:\/\/shop.pecta.pt\/wp-content\/uploads\/2024\/10\/pv30-1-150x150.png",150,150,true],"medium":["https:\/\/shop.pecta.pt\/wp-content\/uploads\/2024\/10\/pv30-1-300x300.png",300,300,true],"medium_large":["https:\/\/shop.pecta.pt\/wp-content\/uploads\/2024\/10\/pv30-1-768x768.png",768,768,true],"large":["https:\/\/shop.pecta.pt\/wp-content\/uploads\/2024\/10\/pv30-1-1024x1024.png",1024,1024,true],"1536x1536":["https:\/\/shop.pecta.pt\/wp-content\/uploads\/2024\/10\/pv30-1.png",1080,1080,false],"2048x2048":["https:\/\/shop.pecta.pt\/wp-content\/uploads\/2024\/10\/pv30-1.png",1080,1080,false],"trp-custom-language-flag":["https:\/\/shop.pecta.pt\/wp-content\/uploads\/2024\/10\/pv30-1-12x12.png",12,12,true],"woocommerce_thumbnail":["https:\/\/shop.pecta.pt\/wp-content\/uploads\/2024\/10\/pv30-1-300x300.png",300,300,true],"woocommerce_single":["https:\/\/shop.pecta.pt\/wp-content\/uploads\/2024\/10\/pv30-1-600x600.png",600,600,true],"woocommerce_gallery_thumbnail":["https:\/\/shop.pecta.pt\/wp-content\/uploads\/2024\/10\/pv30-1-100x100.png",100,100,true]},"uagb_author_info":{"display_name":"info@pecta.pt","author_link":"https:\/\/shop.pecta.pt\/en\/author\/"},"uagb_comment_info":0,"uagb_excerpt":"Estas juntas s\u00e3o fundamentais para assegurar o desempenho correto e seguro das v\u00e1lvulas (EU20, EU30) em sistemas pressurizados.","_links":{"self":[{"href":"https:\/\/shop.pecta.pt\/en\/wp-json\/wp\/v2\/product\/3355","targetHints":{"allow":["GET"]}}],"collection":[{"href":"https:\/\/shop.pecta.pt\/en\/wp-json\/wp\/v2\/product"}],"about":[{"href":"https:\/\/shop.pecta.pt\/en\/wp-json\/wp\/v2\/types\/product"}],"wp:featuredmedia":[{"embeddable":true,"href":"https:\/\/shop.pecta.pt\/en\/wp-json\/wp\/v2\/media\/3404"}],"wp:attachment":[{"href":"https:\/\/shop.pecta.pt\/en\/wp-json\/wp\/v2\/media?parent=3355"}],"wp:term":[{"taxonomy":"product_brand","embeddable":true,"href":"https:\/\/shop.pecta.pt\/en\/wp-json\/wp\/v2\/product_brand?post=3355"},{"taxonomy":"product_cat","embeddable":true,"href":"https:\/\/shop.pecta.pt\/en\/wp-json\/wp\/v2\/product_cat?post=3355"},{"taxonomy":"product_tag","embeddable":true,"href":"https:\/\/shop.pecta.pt\/en\/wp-json\/wp\/v2\/product_tag?post=3355"}],"curies":[{"name":"wp","href":"https:\/\/api.w.org\/{rel}","templated":true}]}}