{"id":3338,"date":"2024-10-11T15:45:34","date_gmt":"2024-10-11T15:45:34","guid":{"rendered":"https:\/\/shop.pecta.pt\/product\/valv-seg-ext-m-m18x15-14bar-clesse-ecge14\/"},"modified":"2025-03-24T11:59:47","modified_gmt":"2025-03-24T11:59:47","slug":"valvula-de-seguranca-externa-m-m18x15-14bar-clesse-ecge14","status":"publish","type":"product","link":"https:\/\/shop.pecta.pt\/en\/product\/valvula-de-seguranca-externa-m-m18x15-14bar-clesse-ecge14\/","title":{"rendered":"External Safety Valve M.M18x1.5 Clesse ECGE14 14bar"},"content":{"rendered":"<p>This is a <strong>external safety valve<\/strong> with a <strong>M18x1.5 male connection<\/strong> and is set to operate at a <strong>14 bar relief pressure<\/strong>. The model <strong>Clesse ECGE14<\/strong> is part of a series of high-quality safety valves produced by <strong>Clesse<\/strong>, a well-known brand in the gases and pressurised systems protection industry.<\/p>\n<h3 id=\"tabela-RS\" style=\"text-align: center;\">Properties<\/h3>\n<div style=\"overflow-x: auto;\">\n<table style=\"border-collapse: collapse; width: auto; margin: auto;\">\n<tbody>\n<tr style=\"background-color: #fdc210; color: #ffffff; text-align: center;\">\n<th>Ref.<\/th>\n<th>Opening Pressure<\/th>\n<th>Connection<\/th>\n<th>Dimension<\/th>\n<th>Airflow Capacity<\/th>\n<\/tr>\n<\/tbody>\n<tbody style=\"text-align: center;\">\n<tr>\n<td>ECGE14<\/td>\n<td>14 bar<\/td>\n<td>M.M18x1.5<\/td>\n<td>90 mm<\/td>\n<td>55.2<\/td>\n<\/tr>\n<\/tbody>\n<\/table>\n<p style=\"text-align: center;\"><strong>Note:<\/strong> Air flow capacity is measured at 120% of set pressure (m3\/min) ASME<\/p>\n<\/div>\n<h5><strong>How it works:<\/strong><\/h5>\n<p>The valve works via a <strong>internal spring mechanism<\/strong> calibrated valve that keeps the valve closed while the pressure in the system is within acceptable limits. When the pressure exceeds <strong>14 bar<\/strong>, when the pressure drops to a safe level, the force of the pressure is enough to compress the spring and open the valve, releasing the pressurised fluid (gas or liquid) into the environment. When the pressure drops to a safe level, the spring automatically closes the valve again, restoring normal system operation.<\/p>\n<h5><strong>Advantages:<\/strong><\/h5>\n<ul>\n<li><strong>Reliable overpressure protection<\/strong>: The valve ensures that the system does not operate above the <strong>14 bar<\/strong>, to prevent damage to the equipment and possible accidents.<\/li>\n<li><strong>Automatic closing<\/strong>: After relieving excessive pressure, the valve closes automatically, without the need for manual intervention.<\/li>\n<li><strong>Durability<\/strong>: Made from high-quality materials, the valve offers a long service life, even under difficult operating conditions.<\/li>\n<li><strong>Easy installation<\/strong>With <strong>M18x1.5 thread<\/strong> allows simple and quick installation on compatible systems.<\/li>\n<li><strong>Minimal maintenance<\/strong>: Being an automatic device, the need for maintenance is reduced, which increases operational efficiency<\/li>\n<\/ul>\n<h3 id=\"tabela-RS\" style=\"text-align: center;\">Valve Set<\/h3>\n<p style=\"text-align: center;\">External spring-loaded safety valves must be used in conjunction with the following accessories <strong>check-device<\/strong> and respective <strong>gasket<\/strong><\/p>\n<div style=\"overflow-x: auto;\">\n<table style=\"border-collapse: collapse; width: auto; margin: auto;\">\n<thead><!-- Linha superior com colunas vazias e t\u00edtulos nas \u00faltimas 2 colunas --><\/p>\n<tr>\n<td colspan=\"3\"><\/td>\n<p><!-- Colunas vazias para \"Check Device\", \"Junta\", e \"V\u00e1lvula\" --><\/p>\n<td style=\"background-color: #fdc210; color: #ffffff; text-align: center;\" colspan=\"2\"><strong>Connections<\/strong><\/td>\n<\/tr>\n<p><!-- Cabe\u00e7alho da tabela --><\/p>\n<tr style=\"background-color: #fdc210; color: #ffffff; text-align: center;\">\n<th>Check Device<\/th>\n<th>Gasket<\/th>\n<th>Valve<\/th>\n<th>Tank connection<\/th>\n<th>Input connection<\/th>\n<\/tr>\n<\/thead>\n<tbody style=\"text-align: center;\">\n<tr>\n<td><a href=\"https:\/\/shop.pecta.pt\/en\/product\/adap-check-device-f-m18x15-x-1-2-m-npt-clesse-ecge10\/\">ECGE10<\/a><\/td>\n<td>&#8211;<\/td>\n<td><a href=\"https:\/\/shop.pecta.pt\/en\/product\/valvula-de-seguranca-externa-m-m18x15-14bar-clesse-ecge14\/\">ECGE14<\/a><\/td>\n<td>1\/2&#8243; M.NPT<\/td>\n<td>F.M18x1.5<\/td>\n<\/tr>\n<\/tbody>\n<\/table>\n<\/div>","protected":false},"excerpt":{"rendered":"<p>Safety valve that acts in pressurised systems to ensure that the pressure in the system does not exceed 14 bar, automatically releasing excess pressure.<\/p>","protected":false},"featured_media":3386,"template":"","meta":{"_uag_custom_page_level_css":"","site-sidebar-layout":"default","site-content-layout":"","ast-site-content-layout":"default","site-content-style":"default","site-sidebar-style":"default","ast-global-header-display":"","ast-banner-title-visibility":"","ast-main-header-display":"","ast-hfb-above-header-display":"","ast-hfb-below-header-display":"","ast-hfb-mobile-header-display":"","site-post-title":"","ast-breadcrumbs-content":"","ast-featured-img":"","footer-sml-layout":"","theme-transparent-header-meta":"default","adv-header-id-meta":"","stick-header-meta":"","header-above-stick-meta":"","header-main-stick-meta":"","header-below-stick-meta":"","astra-migrate-meta-layouts":"set","ast-page-background-enabled":"default","ast-page-background-meta":{"desktop":{"background-color":"var(--ast-global-color-4)","background-image":"","background-repeat":"repeat","background-position":"center center","background-size":"auto","background-attachment":"scroll","background-type":"","background-media":"","overlay-type":"","overlay-color":"","overlay-opacity":"","overlay-gradient":""},"tablet":{"background-color":"","background-image":"","background-repeat":"repeat","background-position":"center center","background-size":"auto","background-attachment":"scroll","background-type":"","background-media":"","overlay-type":"","overlay-color":"","overlay-opacity":"","overlay-gradient":""},"mobile":{"background-color":"","background-image":"","background-repeat":"repeat","background-position":"center center","background-size":"auto","background-attachment":"scroll","background-type":"","background-media":"","overlay-type":"","overlay-color":"","overlay-opacity":"","overlay-gradient":""}},"ast-content-background-meta":{"desktop":{"background-color":"var(--ast-global-color-5)","background-image":"","background-repeat":"repeat","background-position":"center center","background-size":"auto","background-attachment":"scroll","background-type":"","background-media":"","overlay-type":"","overlay-color":"","overlay-opacity":"","overlay-gradient":""},"tablet":{"background-color":"var(--ast-global-color-5)","background-image":"","background-repeat":"repeat","background-position":"center center","background-size":"auto","background-attachment":"scroll","background-type":"","background-media":"","overlay-type":"","overlay-color":"","overlay-opacity":"","overlay-gradient":""},"mobile":{"background-color":"var(--ast-global-color-5)","background-image":"","background-repeat":"repeat","background-position":"center center","background-size":"auto","background-attachment":"scroll","background-type":"","background-media":"","overlay-type":"","overlay-color":"","overlay-opacity":"","overlay-gradient":""}}},"product_brand":[],"product_cat":[102,103],"product_tag":[],"class_list":{"0":"post-3338","1":"product","2":"type-product","3":"status-publish","4":"has-post-thumbnail","6":"product_cat-gama-gpl","7":"product_cat-valvulas-seguranca","8":"desktop-align-left","9":"tablet-align-left","10":"mobile-align-left","12":"first","13":"instock","14":"taxable","15":"shipping-taxable","16":"purchasable","17":"product-type-variable"},"aioseo_notices":[],"uagb_featured_image_src":{"full":["https:\/\/shop.pecta.pt\/wp-content\/uploads\/2024\/10\/ECGE14.png",1080,1080,false],"thumbnail":["https:\/\/shop.pecta.pt\/wp-content\/uploads\/2024\/10\/ECGE14-150x150.png",150,150,true],"medium":["https:\/\/shop.pecta.pt\/wp-content\/uploads\/2024\/10\/ECGE14-300x300.png",300,300,true],"medium_large":["https:\/\/shop.pecta.pt\/wp-content\/uploads\/2024\/10\/ECGE14-768x768.png",768,768,true],"large":["https:\/\/shop.pecta.pt\/wp-content\/uploads\/2024\/10\/ECGE14-1024x1024.png",1024,1024,true],"1536x1536":["https:\/\/shop.pecta.pt\/wp-content\/uploads\/2024\/10\/ECGE14.png",1080,1080,false],"2048x2048":["https:\/\/shop.pecta.pt\/wp-content\/uploads\/2024\/10\/ECGE14.png",1080,1080,false],"trp-custom-language-flag":["https:\/\/shop.pecta.pt\/wp-content\/uploads\/2024\/10\/ECGE14-12x12.png",12,12,true],"woocommerce_thumbnail":["https:\/\/shop.pecta.pt\/wp-content\/uploads\/2024\/10\/ECGE14-300x300.png",300,300,true],"woocommerce_single":["https:\/\/shop.pecta.pt\/wp-content\/uploads\/2024\/10\/ECGE14-600x600.png",600,600,true],"woocommerce_gallery_thumbnail":["https:\/\/shop.pecta.pt\/wp-content\/uploads\/2024\/10\/ECGE14-100x100.png",100,100,true]},"uagb_author_info":{"display_name":"info@pecta.pt","author_link":"https:\/\/shop.pecta.pt\/en\/author\/"},"uagb_comment_info":0,"uagb_excerpt":"V\u00e1lvula de Seguran\u00e7a que atua em sistemas pressurizados para garantir que a press\u00e3o no sistema n\u00e3o ultrapasse os 14 bar, libertando automaticamente o excesso de press\u00e3o.","_links":{"self":[{"href":"https:\/\/shop.pecta.pt\/en\/wp-json\/wp\/v2\/product\/3338","targetHints":{"allow":["GET"]}}],"collection":[{"href":"https:\/\/shop.pecta.pt\/en\/wp-json\/wp\/v2\/product"}],"about":[{"href":"https:\/\/shop.pecta.pt\/en\/wp-json\/wp\/v2\/types\/product"}],"wp:featuredmedia":[{"embeddable":true,"href":"https:\/\/shop.pecta.pt\/en\/wp-json\/wp\/v2\/media\/3386"}],"wp:attachment":[{"href":"https:\/\/shop.pecta.pt\/en\/wp-json\/wp\/v2\/media?parent=3338"}],"wp:term":[{"taxonomy":"product_brand","embeddable":true,"href":"https:\/\/shop.pecta.pt\/en\/wp-json\/wp\/v2\/product_brand?post=3338"},{"taxonomy":"product_cat","embeddable":true,"href":"https:\/\/shop.pecta.pt\/en\/wp-json\/wp\/v2\/product_cat?post=3338"},{"taxonomy":"product_tag","embeddable":true,"href":"https:\/\/shop.pecta.pt\/en\/wp-json\/wp\/v2\/product_tag?post=3338"}],"curies":[{"name":"wp","href":"https:\/\/api.w.org\/{rel}","templated":true}]}}