{"id":775,"date":"2024-09-30T16:55:37","date_gmt":"2024-09-30T16:55:37","guid":{"rendered":"https:\/\/shop.pecta.pt\/?page_id=775"},"modified":"2025-03-26T10:02:15","modified_gmt":"2025-03-26T10:02:15","slug":"politica-de-privacidade","status":"publish","type":"page","link":"https:\/\/shop.pecta.pt\/en\/politica-de-privacidade\/","title":{"rendered":"Privacy Policy"},"content":{"rendered":"<div class=\"wp-block-uagb-container uagb-block-520cae36 alignfull uagb-is-root-container\"><div class=\"uagb-container-inner-blocks-wrap\">\n<p>A atual Pol\u00edtica de Privacidade inclui os dados pessoais que identificam claramente os visitantes que se registam atrav\u00e9s do formul\u00e1rio de registo afim de obterem acesso a informa\u00e7\u00e3o restrita no site como download de ficheiros e visualiza\u00e7\u00e3o de noticias.&nbsp;<br>A PECTA \u2013 Distribui\u00e7\u00e3o de Equipamentos, Unipessoal, Lda. poder\u00e1 retificar esta pol\u00edtica em qualquer momento.<br>Em caso de serem efetuadas altera\u00e7\u00f5es significativas quanto ao modo de utiliza\u00e7\u00e3o dos dados pessoais do visitante registado, faremos circular um an\u00fancio de destaque nas nossas p\u00e1ginas durante 10 dias ou enviaremos um aviso individual por newsletter eletr\u00f3nica.<\/p>\n\n\n\n<p>7. RECOLHA DE TRATAMENTO DOS DADOS PESSOAIS<br>Em www.pecta.pt recolhemos informa\u00e7\u00e3o sempre que haja um registo volunt\u00e1rio do visitante. A informa\u00e7\u00e3o assim recolhida \u00e9 individualmente identific\u00e1vel (dados pessoais).&nbsp;<br>Uma vez registado no site o visitante, para n\u00f3s, deixa de ser an\u00f3nimo.<br>Recolhemos ainda a informa\u00e7\u00e3o sobre o sistema inform\u00e1tico utilizado para aceder ao site e a navega\u00e7\u00e3o efetuada pelo visitante (registado ou n\u00e3o), para diversos fins estat\u00edsticos e marketing no site :<br>-consultas doas p\u00e1ginas visitadas;&nbsp;<br>-consultas dos produtos procurados;&nbsp;<br>-Consulta \u00e0 ades\u00e3o das promo\u00e7\u00f5es, passatempos ou concursos.&nbsp;<br>Os dados obtidos desta forma, individualmente identific\u00e1veis ou n\u00e3o, apenas servem para decidir estrat\u00e9gias de vendas atrav\u00e9s do site n\u00e3o colocando em causa a privacidade de cada individuo an\u00f3nimo ou n\u00e3o.<br><br>No site www.pecta.pt utilizamos os dados pessoais para:&nbsp;<br>1\u00ba-Permitir o acesso a zonas reservadas do site a que s\u00f3 os visitantes registados t\u00eam acesso;&nbsp;<br>2\u00ba-Personalizar os conte\u00fados e a publicidade;&nbsp;<br>3\u00ba-Corresponder \u00e0s solicita\u00e7\u00f5es dos visitantes registados sobre produtos e servi\u00e7os;&nbsp;<br>4\u00ba-Informar o visitante registado acerca dos produtos comercializados no site, nomeadamente atrav\u00e9s do envio de newsletters eletr\u00f3nicas;<br>5\u00ba-Partilha e Divulga\u00e7\u00e3o dos Dados Pessoais<br><br>Por considerar informa\u00e7\u00e3o confidencial e individual, a PECTA \u2013 Distribui\u00e7\u00e3o de Equipamentos, Unipessoal, Lda. n\u00e3o vender\u00e1 ou ceder\u00e1 a terceiros os dados pessoais dos visitantes registados. Estes apenas s\u00e3o utilizados no \u00e2mbito dos servi\u00e7os inerentes prestados pela PECTA \u2013 Distribui\u00e7\u00e3o de Equipamentos, Unipessoal, Lda. e sempre com o objetivo de melhorar o servi\u00e7o prestado aos seus clientes.<br><br>A PECTA \u2013 Distribui\u00e7\u00e3o de Equipamentos, Unipessoal, Lda. facultar\u00e1 informa\u00e7\u00e3o sobre os dados pessoais dos visitantes registados a outras empresas ou pessoas apenas quando:&nbsp;<br>1\u00ba-Tiver autoriza\u00e7\u00e3o expressa do visitante registado para tal;&nbsp;<br>2\u00ba-Tal for necess\u00e1rio com o fim de a PECTA \u2013 Distribui\u00e7\u00e3o de Equipamentos, Unipessoal, Lda. poder fornecer os produtos ou servi\u00e7os requisitados pelo visitante registado. Nesta situa\u00e7\u00e3o, as informa\u00e7\u00f5es fornecidas s\u00e3o as m\u00ednimas poss\u00edveis para que se cumpra o servi\u00e7o ou se forne\u00e7a o produto ao visitante. Estas empresas n\u00e3o est\u00e3o autorizadas a usar os dados pessoais do visitante registado, para al\u00e9m do estritamente necess\u00e1rio para a satisfa\u00e7\u00e3o do pedido da PECTA \u2013 Distribui\u00e7\u00e3o de Equipamentos, Unipessoal, Lda. em resposta a notifica\u00e7\u00f5es legais, ordens ou processos judiciais;<br>3\u00ba-A PECTA \u2013 Distribui\u00e7\u00e3o de Equipamentos, Unipessoal, Lda. considerar que as a\u00e7\u00f5es do visitante registado violem os Termos de Utiliza\u00e7\u00e3o ou quaisquer outras diretrizes de produtos ou servi\u00e7os espec\u00edficos.&nbsp;<\/p>\n\n\n\n<p>8. COOKIES<br>O site www.pecta.pt n\u00e3o utiliza processo de cookies para gerir informa\u00e7\u00e3o<br><br>9. ALTERAR OU APAGAR O SEU REGISTO<br>O site www.pecta.pt permite ao visitante registado alterar dados do seu registo quando e sempre que o desejar, incluindo tamb\u00e9m as suas op\u00e7\u00f5es complementares ao registo, nomeadamente, que seja informado sobre ofertas especiais e sobre novos produtos e servi\u00e7os (envio de newsletters eletr\u00f3nicas).&nbsp;<br>Contacte-nos via www.pecta.pt ou para info@pecta.pt ou Tel: +351 234 597 273.<\/p>\n\n\n\n<p>A qualquer momento o visitante registado poder\u00e1 solicitar o encerramento do seu registo em www.pecta.pt, contactando-nos pelas vias acima referidas. Os seus dados pessoais ficar\u00e3o contudo registados durante um per\u00edodo de 30 dias.<br>A disponibiliza\u00e7\u00e3o da informa\u00e7\u00e3o sobre os dados pessoais do visitante registado que fica nos nossos arquivos ap\u00f3s cessar o seu registo ser-lhe-\u00e1 disponibilizada da mesma forma e pelas mesmas vias atr\u00e1s descritas.<br>Os dados pessoais guardados nos nossos sistemas inform\u00e1ticos, cumprem todas as normas e legisla\u00e7\u00e3o vigente em Portugal.<br><br>10. SEGURAN\u00c7A<br>O seu registo no www.pecta.pt est\u00e1 protegido por um c\u00f3digo de acesso pr\u00f3prio que lhe assegura privacidade e seguran\u00e7a.<br>Em algumas \u00e1reas, o www.pecta.pt utiliza a um sistema de codifica\u00e7\u00e3o e encripta\u00e7\u00e3o, vulgarmente designado por SSL, para prote\u00e7\u00e3o da transmiss\u00e3o dos dados.<\/p>\n\n\n\n<p>11. LEI APLIC\u00c1VEL E FORO COMPETENTE<br>A lei aplic\u00e1vel a qualquer rela\u00e7\u00e3o estabelecida atrav\u00e9s deste site \u00e9 a lei portuguesa.<br>O foro competente \u00e9 o Tribunal Judicial da Comarca de Aveiro.<\/p>\n<\/div><\/div>","protected":false},"excerpt":{"rendered":"<p>A atual Pol\u00edtica de Privacidade inclui os dados pessoais que identificam claramente os visitantes que se registam atrav\u00e9s do formul\u00e1rio [&hellip;]<\/p>","protected":false},"author":1,"featured_media":0,"parent":0,"menu_order":0,"comment_status":"closed","ping_status":"closed","template":"","meta":{"_uag_custom_page_level_css":"","site-sidebar-layout":"default","site-content-layout":"","ast-site-content-layout":"","site-content-style":"default","site-sidebar-style":"default","ast-global-header-display":"","ast-banner-title-visibility":"","ast-main-header-display":"","ast-hfb-above-header-display":"","ast-hfb-below-header-display":"","ast-hfb-mobile-header-display":"","site-post-title":"","ast-breadcrumbs-content":"","ast-featured-img":"","footer-sml-layout":"","theme-transparent-header-meta":"","adv-header-id-meta":"","stick-header-meta":"","header-above-stick-meta":"","header-main-stick-meta":"","header-below-stick-meta":"","astra-migrate-meta-layouts":"default","ast-page-background-enabled":"default","ast-page-background-meta":{"desktop":{"background-color":"var(--ast-global-color-4)","background-image":"","background-repeat":"repeat","background-position":"center center","background-size":"auto","background-attachment":"scroll","background-type":"","background-media":"","overlay-type":"","overlay-color":"","overlay-opacity":"","overlay-gradient":""},"tablet":{"background-color":"","background-image":"","background-repeat":"repeat","background-position":"center center","background-size":"auto","background-attachment":"scroll","background-type":"","background-media":"","overlay-type":"","overlay-color":"","overlay-opacity":"","overlay-gradient":""},"mobile":{"background-color":"","background-image":"","background-repeat":"repeat","background-position":"center center","background-size":"auto","background-attachment":"scroll","background-type":"","background-media":"","overlay-type":"","overlay-color":"","overlay-opacity":"","overlay-gradient":""}},"ast-content-background-meta":{"desktop":{"background-color":"var(--ast-global-color-5)","background-image":"","background-repeat":"repeat","background-position":"center center","background-size":"auto","background-attachment":"scroll","background-type":"","background-media":"","overlay-type":"","overlay-color":"","overlay-opacity":"","overlay-gradient":""},"tablet":{"background-color":"var(--ast-global-color-5)","background-image":"","background-repeat":"repeat","background-position":"center center","background-size":"auto","background-attachment":"scroll","background-type":"","background-media":"","overlay-type":"","overlay-color":"","overlay-opacity":"","overlay-gradient":""},"mobile":{"background-color":"var(--ast-global-color-5)","background-image":"","background-repeat":"repeat","background-position":"center center","background-size":"auto","background-attachment":"scroll","background-type":"","background-media":"","overlay-type":"","overlay-color":"","overlay-opacity":"","overlay-gradient":""}},"footnotes":""},"class_list":["post-775","page","type-page","status-publish","hentry"],"aioseo_notices":[],"uagb_featured_image_src":{"full":false,"thumbnail":false,"medium":false,"medium_large":false,"large":false,"1536x1536":false,"2048x2048":false,"trp-custom-language-flag":false,"woocommerce_thumbnail":false,"woocommerce_single":false,"woocommerce_gallery_thumbnail":false},"uagb_author_info":{"display_name":"info@pecta.pt","author_link":"https:\/\/shop.pecta.pt\/en\/author\/infopecta-pt\/"},"uagb_comment_info":0,"uagb_excerpt":"A atual Pol\u00edtica de Privacidade inclui os dados pessoais que identificam claramente os visitantes que se registam atrav\u00e9s do formul\u00e1rio [&hellip;]","_links":{"self":[{"href":"https:\/\/shop.pecta.pt\/en\/wp-json\/wp\/v2\/pages\/775","targetHints":{"allow":["GET"]}}],"collection":[{"href":"https:\/\/shop.pecta.pt\/en\/wp-json\/wp\/v2\/pages"}],"about":[{"href":"https:\/\/shop.pecta.pt\/en\/wp-json\/wp\/v2\/types\/page"}],"author":[{"embeddable":true,"href":"https:\/\/shop.pecta.pt\/en\/wp-json\/wp\/v2\/users\/1"}],"replies":[{"embeddable":true,"href":"https:\/\/shop.pecta.pt\/en\/wp-json\/wp\/v2\/comments?post=775"}],"version-history":[{"count":2,"href":"https:\/\/shop.pecta.pt\/en\/wp-json\/wp\/v2\/pages\/775\/revisions"}],"predecessor-version":[{"id":4279,"href":"https:\/\/shop.pecta.pt\/en\/wp-json\/wp\/v2\/pages\/775\/revisions\/4279"}],"wp:attachment":[{"href":"https:\/\/shop.pecta.pt\/en\/wp-json\/wp\/v2\/media?parent=775"}],"curies":[{"name":"wp","href":"https:\/\/api.w.org\/{rel}","templated":true}]}}